{"id":2098,"date":"2025-08-01T11:37:48","date_gmt":"2025-08-01T11:37:48","guid":{"rendered":"https:\/\/im-ortho.com\/?page_id=2098"},"modified":"2025-08-01T11:50:29","modified_gmt":"2025-08-01T11:50:29","slug":"ramon-mompell","status":"publish","type":"page","link":"https:\/\/im-ortho.com\/fr\/ramon-mompell\/","title":{"rendered":"Ram\u00f3n Mompell"},"content":{"rendered":"<div data-elementor-type=\"wp-page\" data-elementor-id=\"2098\" class=\"elementor elementor-2098\">\n\t\t\t\t<div class=\"elementor-element elementor-element-d6bd010 e-flex e-con-boxed wpr-particle-no wpr-jarallax-no wpr-parallax-no wpr-sticky-section-no wpr-equal-height-no elementor-invisible e-con e-parent\" data-id=\"d6bd010\" data-element_type=\"container\" data-e-type=\"container\" data-settings=\"{&quot;background_background&quot;:&quot;classic&quot;,&quot;animation&quot;:&quot;slideInDown&quot;,&quot;animation_mobile&quot;:&quot;none&quot;}\">\n\t\t\t\t\t<div class=\"e-con-inner\">\n\t\t<div class=\"elementor-element elementor-element-cf2439a e-con-full e-flex wpr-particle-no wpr-jarallax-no wpr-parallax-no wpr-sticky-section-no wpr-equal-height-no e-con e-child\" data-id=\"cf2439a\" data-element_type=\"container\" data-e-type=\"container\">\n\t\t\t\t<div class=\"elementor-element elementor-element-c82687a elementor-widget elementor-widget-heading\" data-id=\"c82687a\" data-element_type=\"widget\" data-e-type=\"widget\" data-widget_type=\"heading.default\">\n\t\t\t\t<div class=\"elementor-widget-container\">\n\t\t\t\t\t<h2 class=\"elementor-heading-title elementor-size-default\">Ram\u00f3n Mompell D.M.D., MSc<\/h2>\t\t\t\t<\/div>\n\t\t\t\t<\/div>\n\t\t\t\t<div class=\"elementor-element elementor-element-95f260f elementor-widget-divider--view-line elementor-widget elementor-widget-divider\" data-id=\"95f260f\" data-element_type=\"widget\" data-e-type=\"widget\" data-widget_type=\"divider.default\">\n\t\t\t\t<div class=\"elementor-widget-container\">\n\t\t\t\t\t\t\t<div class=\"elementor-divider\">\n\t\t\t<span class=\"elementor-divider-separator\">\n\t\t\t\t\t\t<\/span>\n\t\t<\/div>\n\t\t\t\t\t\t<\/div>\n\t\t\t\t<\/div>\n\t\t\t\t<\/div>\n\t\t\t\t\t<\/div>\n\t\t\t\t<\/div>\n\t\t<div class=\"elementor-element elementor-element-a97ae78 e-flex e-con-boxed wpr-particle-no wpr-jarallax-no wpr-parallax-no wpr-sticky-section-no wpr-equal-height-no e-con e-parent\" data-id=\"a97ae78\" data-element_type=\"container\" data-e-type=\"container\">\n\t\t\t\t\t<div class=\"e-con-inner\">\n\t\t<div class=\"elementor-element elementor-element-6efead6 e-con-full e-flex wpr-particle-no wpr-jarallax-no wpr-parallax-no wpr-sticky-section-no wpr-equal-height-no e-con e-child\" data-id=\"6efead6\" data-element_type=\"container\" data-e-type=\"container\">\n\t\t<div class=\"elementor-element elementor-element-27a071d e-con-full e-flex wpr-particle-no wpr-jarallax-no wpr-parallax-no wpr-sticky-section-no wpr-equal-height-no elementor-invisible e-con e-child\" data-id=\"27a071d\" data-element_type=\"container\" data-e-type=\"container\" data-settings=\"{&quot;animation&quot;:&quot;zoomIn&quot;,&quot;animation_mobile&quot;:&quot;none&quot;}\">\n\t\t\t\t<div class=\"elementor-element elementor-element-b2679df elementor-widget elementor-widget-heading\" data-id=\"b2679df\" data-element_type=\"widget\" data-e-type=\"widget\" data-widget_type=\"heading.default\">\n\t\t\t\t<div class=\"elementor-widget-container\">\n\t\t\t\t\t<h2 class=\"elementor-heading-title elementor-size-default\">\u00c0 propos du Dr. Ram\u00f3n Mompell <\/h2>\t\t\t\t<\/div>\n\t\t\t\t<\/div>\n\t\t\t\t<div class=\"elementor-element elementor-element-c37494a elementor-widget elementor-widget-text-editor\" data-id=\"c37494a\" data-element_type=\"widget\" data-e-type=\"widget\" data-widget_type=\"text-editor.default\">\n\t\t\t\t<div class=\"elementor-widget-container\">\n\t\t\t\t\t\t\t\t\t<p><strong>Dr. Ram\u00f3n Mompell <\/strong>est un \u00e9minent orthodontiste et chef de file clinique, internationalement reconnu pour son expertise en mati\u00e8re d'orthodontie num\u00e9rique et d'expansion maxillaire non chirurgicale chez les adultes. Il est directeur m\u00e9dical de l'orthodontie pour un groupe de 40 cliniques en Espagne et dirige l'\u00e9quipe Mompell, avec des cabinets \u00e0 Madrid et \u00e0 Duba\u00ef. Avec plus de 4 500 cas trait\u00e9s \u00e0 l'aide d'aligneurs, il est consid\u00e9r\u00e9 comme une r\u00e9f\u00e9rence en mati\u00e8re de th\u00e9rapie par aligneurs transparents. Le Dr Mompell est un chercheur actif \u00e0 l'Universit\u00e9 de Californie \u00e0 Los Angeles (UCLA), o\u00f9 il \u00e9tudie les modifications des voies respiratoires et l'esth\u00e9tique faciale li\u00e9es aux d\u00e9ficiences squelettiques transversales. Il est \u00e9galement professeur invit\u00e9 \u00e0 l'universit\u00e9 d'Ajou (Cor\u00e9e), ainsi que dans plusieurs universit\u00e9s espagnoles, et intervient fr\u00e9quemment lors de conf\u00e9rences internationales. Ses travaux ont \u00e9t\u00e9 publi\u00e9s dans des revues de premier plan telles que <em>Les progr\u00e8s de l'orthodontie <\/em>et <em>AJODO<\/em>Ses protocoles cliniques sont largement adopt\u00e9s par les praticiens du monde entier.<\/p>\t\t\t\t\t\t\t\t<\/div>\n\t\t\t\t<\/div>\n\t\t\t\t<div class=\"elementor-element elementor-element-bb55ad5 elementor-widget-divider--view-line elementor-widget elementor-widget-divider\" data-id=\"bb55ad5\" data-element_type=\"widget\" data-e-type=\"widget\" data-widget_type=\"divider.default\">\n\t\t\t\t<div class=\"elementor-widget-container\">\n\t\t\t\t\t\t\t<div class=\"elementor-divider\">\n\t\t\t<span class=\"elementor-divider-separator\">\n\t\t\t\t\t\t<\/span>\n\t\t<\/div>\n\t\t\t\t\t\t<\/div>\n\t\t\t\t<\/div>\n\t\t\t\t<div class=\"elementor-element elementor-element-071e28e elementor-widget elementor-widget-heading\" data-id=\"071e28e\" data-element_type=\"widget\" data-e-type=\"widget\" data-widget_type=\"heading.default\">\n\t\t\t\t<div class=\"elementor-widget-container\">\n\t\t\t\t\t<h2 class=\"elementor-heading-title elementor-size-default\">Exp\u00e9riences professionnelles<\/h2>\t\t\t\t<\/div>\n\t\t\t\t<\/div>\n\t\t\t\t<div class=\"elementor-element elementor-element-49db931 elementor-widget elementor-widget-text-editor\" data-id=\"49db931\" data-element_type=\"widget\" data-e-type=\"widget\" data-widget_type=\"text-editor.default\">\n\t\t\t\t<div class=\"elementor-widget-container\">\n\t\t\t\t\t\t\t\t\t<ul><li><p>Chercheur \u00e0 l'Universit\u00e9 de Californie Los Angeles (UCLA), d\u00e9partement d'orthodontie.<\/p><\/li><li><p>Fondateur et actuel pr\u00e9sident de l'International Digital MARPE Association.<\/p><\/li><li><p>Directeur clinique de l'\u00e9quipe Mompell, qui compte plus de 40 cliniques. <\/p><\/li><li><p>Professeur \u00e0 l'Universit\u00e9 Ajou (AU), S\u00e9oul, Cor\u00e9e<\/p><\/li><li><p>Professeur \u00e0 l'universit\u00e9 de Californie \u00e0 Los Angeles (UCLA). \u00c9TATS-UNIS.<\/p><\/li><li><p>Professeur \u00e0 l'Universit\u00e9 de Coimbra (UC), Portugal<\/p><\/li><li><p>Plus de 4 500 cas trait\u00e9s avec Invisalign.<\/p><p>\u00a0<\/p><\/li><\/ul>\t\t\t\t\t\t\t\t<\/div>\n\t\t\t\t<\/div>\n\t\t\t\t<\/div>\n\t\t<div class=\"elementor-element elementor-element-54fb4c4 e-con-full e-flex wpr-particle-no wpr-jarallax-no wpr-parallax-no wpr-sticky-section-no wpr-equal-height-no elementor-invisible e-con e-child\" data-id=\"54fb4c4\" data-element_type=\"container\" data-e-type=\"container\" data-settings=\"{&quot;animation&quot;:&quot;zoomIn&quot;,&quot;animation_delay&quot;:200,&quot;animation_mobile&quot;:&quot;none&quot;}\">\n\t\t\t\t<div class=\"elementor-element elementor-element-d7e597e elementor-widget elementor-widget-image\" data-id=\"d7e597e\" data-element_type=\"widget\" data-e-type=\"widget\" data-widget_type=\"image.default\">\n\t\t\t\t<div class=\"elementor-widget-container\">\n\t\t\t\t\t\t\t\t\t\t\t\t\t\t\t<img fetchpriority=\"high\" decoding=\"async\" width=\"483\" height=\"460\" src=\"https:\/\/im-ortho.com\/wp-content\/uploads\/2025\/07\/Dr-Ramon-Mompell-1.jpg\" class=\"attachment-large size-large wp-image-2025\" alt=\"\" \/>\t\t\t\t\t\t\t\t\t\t\t\t\t\t\t<\/div>\n\t\t\t\t<\/div>\n\t\t\t\t<div class=\"elementor-element elementor-element-89b5ca8 elementor-widget elementor-widget-heading\" data-id=\"89b5ca8\" data-element_type=\"widget\" data-e-type=\"widget\" data-widget_type=\"heading.default\">\n\t\t\t\t<div class=\"elementor-widget-container\">\n\t\t\t\t\t<h2 class=\"elementor-heading-title elementor-size-default\">Informations sur le contact<\/h2>\t\t\t\t<\/div>\n\t\t\t\t<\/div>\n\t\t\t\t<div class=\"elementor-element elementor-element-47d1ec8 elementor-widget elementor-widget-text-editor\" data-id=\"47d1ec8\" data-element_type=\"widget\" data-e-type=\"widget\" data-widget_type=\"text-editor.default\">\n\t\t\t\t<div class=\"elementor-widget-container\">\n\t\t\t\t\t\t\t\t\t<p><strong>Courriel :<\/strong> <a href=\"mailto:ortodoncia.mompell@gmail.com\">ortodoncia.mompell@gmail.com<\/a><br \/><strong>T\u00e9l\u00e9phone :<\/strong> +34660530017<br \/><strong>Bureau :<\/strong> Calle Principe de Vergara 2<br \/><strong>LinkedIn \/ Profil professionnel :<\/strong> @ramon.mompell<\/p>\t\t\t\t\t\t\t\t<\/div>\n\t\t\t\t<\/div>\n\t\t\t\t<div class=\"elementor-element elementor-element-f4b24bc elementor-widget-divider--view-line elementor-widget elementor-widget-divider\" data-id=\"f4b24bc\" data-element_type=\"widget\" data-e-type=\"widget\" data-widget_type=\"divider.default\">\n\t\t\t\t<div class=\"elementor-widget-container\">\n\t\t\t\t\t\t\t<div class=\"elementor-divider\">\n\t\t\t<span class=\"elementor-divider-separator\">\n\t\t\t\t\t\t<\/span>\n\t\t<\/div>\n\t\t\t\t\t\t<\/div>\n\t\t\t\t<\/div>\n\t\t\t\t<div class=\"elementor-element elementor-element-7c4ff41 elementor-widget elementor-widget-heading\" data-id=\"7c4ff41\" data-element_type=\"widget\" data-e-type=\"widget\" data-widget_type=\"heading.default\">\n\t\t\t\t<div class=\"elementor-widget-container\">\n\t\t\t\t\t<h2 class=\"elementor-heading-title elementor-size-default\">Qualifications acad\u00e9miques<\/h2>\t\t\t\t<\/div>\n\t\t\t\t<\/div>\n\t\t\t\t<div class=\"elementor-element elementor-element-0fa0961 elementor-widget elementor-widget-text-editor\" data-id=\"0fa0961\" data-element_type=\"widget\" data-e-type=\"widget\" data-widget_type=\"text-editor.default\">\n\t\t\t\t<div class=\"elementor-widget-container\">\n\t\t\t\t\t\t\t\t\t<ul><li>Ma\u00eetrise en orthodontie et en orthop\u00e9die craniofaciale. H\u00f4pital Fundaci\u00f3n Jim\u00e9nez D\u00edaz. Madrid Espagne.<\/li><li>Ma\u00eetrise en dentisterie int\u00e9gr\u00e9e. Universit\u00e9 Rey Juan Carlos (URJC). Madrid Espagne. <\/li><li>Ma\u00eetrise en biologie orale. Universit\u00e9 de Californie, Los Angeles (UCLA), \u00c9tats-Unis <\/li><li>Ma\u00eetrise en m\u00e9decine du sommeil \u00e0 l'Universit\u00e9 de Caroline du Nord (UNC), \u00c9tats-Unis<\/li><\/ul>\t\t\t\t\t\t\t\t<\/div>\n\t\t\t\t<\/div>\n\t\t\t\t<div class=\"elementor-element elementor-element-1564718 elementor-widget-divider--view-line elementor-widget elementor-widget-divider\" data-id=\"1564718\" data-element_type=\"widget\" data-e-type=\"widget\" data-widget_type=\"divider.default\">\n\t\t\t\t<div class=\"elementor-widget-container\">\n\t\t\t\t\t\t\t<div class=\"elementor-divider\">\n\t\t\t<span class=\"elementor-divider-separator\">\n\t\t\t\t\t\t<\/span>\n\t\t<\/div>\n\t\t\t\t\t\t<\/div>\n\t\t\t\t<\/div>\n\t\t\t\t<\/div>\n\t\t\t\t<\/div>\n\t\t\t\t\t<\/div>\n\t\t\t\t<\/div>\n\t\t<div class=\"elementor-element elementor-element-faf1a57 e-flex e-con-boxed wpr-particle-no wpr-jarallax-no wpr-parallax-no wpr-sticky-section-no wpr-equal-height-no e-con e-parent\" data-id=\"faf1a57\" data-element_type=\"container\" data-e-type=\"container\" data-settings=\"{&quot;background_background&quot;:&quot;classic&quot;}\">\n\t\t\t\t\t<div class=\"e-con-inner\">\n\t\t<div class=\"elementor-element elementor-element-d109004 e-con-full e-flex wpr-particle-no wpr-jarallax-no wpr-parallax-no wpr-sticky-section-no wpr-equal-height-no e-con e-child\" data-id=\"d109004\" data-element_type=\"container\" data-e-type=\"container\">\n\t\t<div class=\"elementor-element elementor-element-eb9f818 e-con-full e-flex wpr-particle-no wpr-jarallax-no wpr-parallax-no wpr-sticky-section-no wpr-equal-height-no elementor-invisible e-con e-child\" data-id=\"eb9f818\" data-element_type=\"container\" data-e-type=\"container\" data-settings=\"{&quot;animation&quot;:&quot;zoomIn&quot;,&quot;animation_mobile&quot;:&quot;none&quot;}\">\n\t\t\t\t<div class=\"elementor-element elementor-element-55089ed elementor-widget elementor-widget-heading\" data-id=\"55089ed\" data-element_type=\"widget\" data-e-type=\"widget\" data-widget_type=\"heading.default\">\n\t\t\t\t<div class=\"elementor-widget-container\">\n\t\t\t\t\t<h2 class=\"elementor-heading-title elementor-size-default\">Certifications et adh\u00e9sions<\/h2>\t\t\t\t<\/div>\n\t\t\t\t<\/div>\n\t\t\t\t<div class=\"elementor-element elementor-element-ffa4a08 elementor-widget elementor-widget-text-editor\" data-id=\"ffa4a08\" data-element_type=\"widget\" data-e-type=\"widget\" data-widget_type=\"text-editor.default\">\n\t\t\t\t<div class=\"elementor-widget-container\">\n\t\t\t\t\t\t\t\t\t<ul><li><p>Membre de la facult\u00e9 Invisalign avec plus de 4.500 cas trait\u00e9s avec des aligneurs.<\/p><\/li><li><p>Dipl\u00f4m\u00e9 de la Charles H. Tweed International Foundation Orthodontic Research (Fondation internationale Charles H. Tweed pour la recherche en orthodontie)<\/p><\/li><li><p>Sp\u00e9cialiste en m\u00e9decine du sommeil, UNC, \u00c9tats-Unis<\/p><\/li><li><p>Membre actif de diff\u00e9rentes soci\u00e9t\u00e9s scientifiques : SEDO, AESOR, AAO et WFO <\/p><\/li><li><p>Fondateur de <u>Association internationale de dentisterie a\u00e9rospatiale<\/u> (IAAD)<\/p><\/li><li><p>Fondateur et actuel pr\u00e9sident de l'International Digital MARPE Association.<\/p><\/li><li><p>Membre de la F\u00e9d\u00e9ration mondiale des orthodontistes (WFO)<\/p><\/li><li><p>Membre de la soci\u00e9t\u00e9 espagnole d'orthodontie (SEDO)<\/p><\/li><li><p>Membre de l'Association am\u00e9ricaine des orthodontistes (AAO)<\/p><\/li><\/ul>\t\t\t\t\t\t\t\t<\/div>\n\t\t\t\t<\/div>\n\t\t\t\t<div class=\"elementor-element elementor-element-dd3a10e elementor-widget-divider--view-line elementor-widget elementor-widget-divider\" data-id=\"dd3a10e\" data-element_type=\"widget\" data-e-type=\"widget\" data-widget_type=\"divider.default\">\n\t\t\t\t<div class=\"elementor-widget-container\">\n\t\t\t\t\t\t\t<div class=\"elementor-divider\">\n\t\t\t<span class=\"elementor-divider-separator\">\n\t\t\t\t\t\t<\/span>\n\t\t<\/div>\n\t\t\t\t\t\t<\/div>\n\t\t\t\t<\/div>\n\t\t\t\t<div class=\"elementor-element elementor-element-a00ffd0 elementor-widget elementor-widget-heading\" data-id=\"a00ffd0\" data-element_type=\"widget\" data-e-type=\"widget\" data-widget_type=\"heading.default\">\n\t\t\t\t<div class=\"elementor-widget-container\">\n\t\t\t\t\t<h2 class=\"elementor-heading-title elementor-size-default\">Prix et distinctions<\/h2>\t\t\t\t<\/div>\n\t\t\t\t<\/div>\n\t\t\t\t<div class=\"elementor-element elementor-element-f8785d0 elementor-widget elementor-widget-text-editor\" data-id=\"f8785d0\" data-element_type=\"widget\" data-e-type=\"widget\" data-widget_type=\"text-editor.default\">\n\t\t\t\t<div class=\"elementor-widget-container\">\n\t\t\t\t\t\t\t\t\t<ul><li><p>Invisalign Top World Doctor 1% depuis 2019<\/p><\/li><li><p>Reconnu pour son r\u00f4le de leader au sein d'organisations orthodontiques nationales et internationales <\/p><\/li><li><p>Conf\u00e9rencier invit\u00e9 \u00e0 la principale conf\u00e9rence sur l'orthodontie dans le monde<\/p><\/li><\/ul>\t\t\t\t\t\t\t\t<\/div>\n\t\t\t\t<\/div>\n\t\t\t\t<\/div>\n\t\t<div class=\"elementor-element elementor-element-e0dc577 e-con-full e-flex wpr-particle-no wpr-jarallax-no wpr-parallax-no wpr-sticky-section-no wpr-equal-height-no elementor-invisible e-con e-child\" data-id=\"e0dc577\" data-element_type=\"container\" data-e-type=\"container\" data-settings=\"{&quot;animation&quot;:&quot;zoomIn&quot;,&quot;animation_delay&quot;:200,&quot;animation_mobile&quot;:&quot;none&quot;}\">\n\t\t\t\t<div class=\"elementor-element elementor-element-8029495 elementor-widget elementor-widget-heading\" data-id=\"8029495\" data-element_type=\"widget\" data-e-type=\"widget\" data-widget_type=\"heading.default\">\n\t\t\t\t<div class=\"elementor-widget-container\">\n\t\t\t\t\t<h2 class=\"elementor-heading-title elementor-size-default\">Int\u00e9r\u00eats de la recherche<\/h2>\t\t\t\t<\/div>\n\t\t\t\t<\/div>\n\t\t\t\t<div class=\"elementor-element elementor-element-ffa8bb6 elementor-widget elementor-widget-text-editor\" data-id=\"ffa8bb6\" data-element_type=\"widget\" data-e-type=\"widget\" data-widget_type=\"text-editor.default\">\n\t\t\t\t<div class=\"elementor-widget-container\">\n\t\t\t\t\t\t\t\t\t<ul><li><p>Expansion maxillaire non chirurgicale chez l'adulte <\/p><\/li><li><p>Modifications des voies respiratoires et esth\u00e9tique faciale<\/p><\/li><li><p>Protocoles d'orthodontie num\u00e9rique et biom\u00e9canique des aligneurs transparents<\/p><\/li><\/ul>\t\t\t\t\t\t\t\t<\/div>\n\t\t\t\t<\/div>\n\t\t\t\t<div class=\"elementor-element elementor-element-2ab676a elementor-widget-divider--view-line elementor-widget elementor-widget-divider\" data-id=\"2ab676a\" data-element_type=\"widget\" data-e-type=\"widget\" data-widget_type=\"divider.default\">\n\t\t\t\t<div class=\"elementor-widget-container\">\n\t\t\t\t\t\t\t<div class=\"elementor-divider\">\n\t\t\t<span class=\"elementor-divider-separator\">\n\t\t\t\t\t\t<\/span>\n\t\t<\/div>\n\t\t\t\t\t\t<\/div>\n\t\t\t\t<\/div>\n\t\t\t\t<div class=\"elementor-element elementor-element-6de6c97 elementor-widget elementor-widget-heading\" data-id=\"6de6c97\" data-element_type=\"widget\" data-e-type=\"widget\" data-widget_type=\"heading.default\">\n\t\t\t\t<div class=\"elementor-widget-container\">\n\t\t\t\t\t<h2 class=\"elementor-heading-title elementor-size-default\">Cours d'enseignement<\/h2>\t\t\t\t<\/div>\n\t\t\t\t<\/div>\n\t\t\t\t<div class=\"elementor-element elementor-element-58954a3 elementor-widget elementor-widget-text-editor\" data-id=\"58954a3\" data-element_type=\"widget\" data-e-type=\"widget\" data-widget_type=\"text-editor.default\">\n\t\t\t\t<div class=\"elementor-widget-container\">\n\t\t\t\t\t\t\t\t\t<ul><li><p>\"Mini-implants : Orthodontie et orthop\u00e9die dento-faciale\" <\/p><\/li><li><p>\"Design de sourire orthodontique et m\u00e9canique cr\u00e9ative\"<\/p><\/li><li><p>Protocoles num\u00e9riques efficaces utilisant des aligneurs pour les malocclusions dentaires et squelettiques<\/p><\/li><\/ul>\t\t\t\t\t\t\t\t<\/div>\n\t\t\t\t<\/div>\n\t\t\t\t<div class=\"elementor-element elementor-element-63c7b0a elementor-widget-divider--view-line elementor-widget elementor-widget-divider\" data-id=\"63c7b0a\" data-element_type=\"widget\" data-e-type=\"widget\" data-widget_type=\"divider.default\">\n\t\t\t\t<div class=\"elementor-widget-container\">\n\t\t\t\t\t\t\t<div class=\"elementor-divider\">\n\t\t\t<span class=\"elementor-divider-separator\">\n\t\t\t\t\t\t<\/span>\n\t\t<\/div>\n\t\t\t\t\t\t<\/div>\n\t\t\t\t<\/div>\n\t\t\t\t<div class=\"elementor-element elementor-element-fcf82ae elementor-widget elementor-widget-heading\" data-id=\"fcf82ae\" data-element_type=\"widget\" data-e-type=\"widget\" data-widget_type=\"heading.default\">\n\t\t\t\t<div class=\"elementor-widget-container\">\n\t\t\t\t\t<h2 class=\"elementor-heading-title elementor-size-default\">Publications<\/h2>\t\t\t\t<\/div>\n\t\t\t\t<\/div>\n\t\t\t\t<div class=\"elementor-element elementor-element-5b40c6b elementor-widget elementor-widget-text-editor\" data-id=\"5b40c6b\" data-element_type=\"widget\" data-e-type=\"widget\" data-widget_type=\"text-editor.default\">\n\t\t\t\t<div class=\"elementor-widget-container\">\n\t\t\t\t\t\t\t\t\t<ul><li><p>Plusieurs articles scientifiques et chapitres de livres dans des revues \u00e0 comit\u00e9 de lecture (PubMed) <\/p><\/li><li><p>R\u00e9viseur pour : Korean Journal of Orthodontics (KJO)<\/p><\/li><li><p>Conf\u00e9rencier mondial sur l'Invisalign (Diamond Apex)<\/p><\/li><\/ul>\t\t\t\t\t\t\t\t<\/div>\n\t\t\t\t<\/div>\n\t\t\t\t<div class=\"elementor-element elementor-element-7e30338 elementor-widget-divider--view-line elementor-widget elementor-widget-divider\" data-id=\"7e30338\" data-element_type=\"widget\" data-e-type=\"widget\" data-widget_type=\"divider.default\">\n\t\t\t\t<div class=\"elementor-widget-container\">\n\t\t\t\t\t\t\t<div class=\"elementor-divider\">\n\t\t\t<span class=\"elementor-divider-separator\">\n\t\t\t\t\t\t<\/span>\n\t\t<\/div>\n\t\t\t\t\t\t<\/div>\n\t\t\t\t<\/div>\n\t\t\t\t<\/div>\n\t\t\t\t<\/div>\n\t\t\t\t\t<\/div>\n\t\t\t\t<\/div>\n\t\t\t\t<\/div>","protected":false},"excerpt":{"rendered":"<p>Ram\u00f3n Mompell D.M.D., MSc About Dr. Ram\u00f3n Mompell Dr. Ram\u00f3n Mompell is a prominent orthodontist and clinical leader, internationally recognized for his expertise in digital orthodontics and non-surgical maxillary expansion in adults. He serves as Medical Director of Orthodontics for a group of 40 clinics across Spain and leads Team Mompell, with practices in Madrid and Dubai. With over 4,500 cases treated using aligners, he is regarded as a reference in clear aligner therapy. Dr. Mompell is an active researcher at the University of California, Los Angeles (UCLA), where he investigates airway changes and facial aesthetics related to transverse skeletal deficiencies. He is also an invited professor at Ajou University (Korea), as well as multiple Spanish universities, and frequently lectures at international conferences. His work has been published in leading journals such as Progress in Orthodontics and AJODO, and his clinical protocols are widely adopted by practitioners worldwide. Professional Experiences Researcher at University of California Los Angeles (UCLA), Dep. of Orthodontics. Founder and current President of International Digital MARPE Association. Clinical director of &#8220;Team Mompell&#8221; with more than 40 clinics. Professor at Ajou University (AU), Seoul, Korea Professor at University of California Los Angeles (UCLA). USA. Professor at Coimbra University (UC), Portugal More than 4.500 cases treated with Invisalign. \u00a0 Contact Information Email: ortodoncia.mompell@gmail.comPhone: +34660530017Office: Calle Principe de Vergara 2LinkedIn \/ Professional Profile: @ramon.mompell Academic Qualifications Master&#8217;s Degree in Orthodontics and Craniofacial Orthopedics. Hospital Fundaci\u00f3n Jim\u00e9nez D\u00edaz. Madrid Spain. Master&#8217;s Degree in Integrated Dentistry. University Rey Juan Carlos (URJC). Madrid Spain. Master&#8217;s Degree in Oral Biology. University of California, Los Angeles (UCLA), USA Master&#8217;s Degree in Sleep Medicine at University of North Carolina (UNC), USA Certifications and Memberships Invisalign Faculty member with more than 4.500 cases treated with aligners. Diplomate, Charles H. Tweed International Foundation Orthodontic Research Specialist in Sleep Medicine, UNC, USA Active member of different scientific societies: SEDO, AESOR, AAO and WFO Founder of International Association of Aerospace Dentistry (IAAD) Founder and current President of International Digital MARPE Association. Member, World Federation of Orthodontists (WFO) Member, Orthodontic Spanish society (SEDO) Member, American Association of Orthodontists (AAO) Awards and Honors Invisalign Top World Doctor 1% since 2019 Recognized for leadership roles across national and international orthodontic organizations Invited keynote speaker to the main orthodontic conference in the world Research Interests Non-surgical maxillary expansion in adults Airway changes and facial aesthetics Digital orthodontic protocols &amp; clear-aligner biomechanics Teaching Courses \u201cMini-implants: Orthodontics &amp; Dentofacial Orthopedics\u201d \u201cOrthodontic Smile Design &amp; Creative Mechanics\u201d Efficient Digital Protocols using aligners from dental to skeletal malocclusions Publications Multiple scientific articles and book chapters in peer-reviewed journals (PubMed) Reviewer for: Korean Journal of Orthodontics (KJO) Global Invisalign Speaker (Diamond Apex)<\/p>","protected":false},"author":1,"featured_media":0,"parent":0,"menu_order":0,"comment_status":"closed","ping_status":"closed","template":"elementor_canvas","meta":{"footnotes":""},"class_list":["post-2098","page","type-page","status-publish","hentry"],"_links":{"self":[{"href":"https:\/\/im-ortho.com\/fr\/wp-json\/wp\/v2\/pages\/2098","targetHints":{"allow":["GET"]}}],"collection":[{"href":"https:\/\/im-ortho.com\/fr\/wp-json\/wp\/v2\/pages"}],"about":[{"href":"https:\/\/im-ortho.com\/fr\/wp-json\/wp\/v2\/types\/page"}],"author":[{"embeddable":true,"href":"https:\/\/im-ortho.com\/fr\/wp-json\/wp\/v2\/users\/1"}],"replies":[{"embeddable":true,"href":"https:\/\/im-ortho.com\/fr\/wp-json\/wp\/v2\/comments?post=2098"}],"version-history":[{"count":7,"href":"https:\/\/im-ortho.com\/fr\/wp-json\/wp\/v2\/pages\/2098\/revisions"}],"predecessor-version":[{"id":2105,"href":"https:\/\/im-ortho.com\/fr\/wp-json\/wp\/v2\/pages\/2098\/revisions\/2105"}],"wp:attachment":[{"href":"https:\/\/im-ortho.com\/fr\/wp-json\/wp\/v2\/media?parent=2098"}],"curies":[{"name":"wp","href":"https:\/\/api.w.org\/{rel}","templated":true}]}}