{"id":2042,"date":"2025-08-01T07:02:01","date_gmt":"2025-08-01T07:02:01","guid":{"rendered":"https:\/\/im-ortho.com\/?page_id=2042"},"modified":"2025-08-01T12:03:06","modified_gmt":"2025-08-01T12:03:06","slug":"dr-giovanni-biondi","status":"publish","type":"page","link":"https:\/\/im-ortho.com\/fr\/dr-giovanni-biondi\/","title":{"rendered":"Dr. Giovanni Biondi"},"content":{"rendered":"<div data-elementor-type=\"wp-page\" data-elementor-id=\"2042\" class=\"elementor elementor-2042\">\n\t\t\t\t<div class=\"elementor-element elementor-element-d6bd010 e-flex e-con-boxed wpr-particle-no wpr-jarallax-no wpr-parallax-no wpr-sticky-section-no wpr-equal-height-no elementor-invisible e-con e-parent\" data-id=\"d6bd010\" data-element_type=\"container\" data-e-type=\"container\" data-settings=\"{&quot;background_background&quot;:&quot;classic&quot;,&quot;animation&quot;:&quot;slideInDown&quot;,&quot;animation_mobile&quot;:&quot;none&quot;}\">\n\t\t\t\t\t<div class=\"e-con-inner\">\n\t\t<div class=\"elementor-element elementor-element-cf2439a e-con-full e-flex wpr-particle-no wpr-jarallax-no wpr-parallax-no wpr-sticky-section-no wpr-equal-height-no e-con e-child\" data-id=\"cf2439a\" data-element_type=\"container\" data-e-type=\"container\">\n\t\t\t\t<div class=\"elementor-element elementor-element-c82687a elementor-widget elementor-widget-heading\" data-id=\"c82687a\" data-element_type=\"widget\" data-e-type=\"widget\" data-widget_type=\"heading.default\">\n\t\t\t\t<div class=\"elementor-widget-container\">\n\t\t\t\t\t<h2 class=\"elementor-heading-title elementor-size-default\">Dr. Giovanni Biondi<\/h2>\t\t\t\t<\/div>\n\t\t\t\t<\/div>\n\t\t\t\t<div class=\"elementor-element elementor-element-95f260f elementor-widget-divider--view-line elementor-widget elementor-widget-divider\" data-id=\"95f260f\" data-element_type=\"widget\" data-e-type=\"widget\" data-widget_type=\"divider.default\">\n\t\t\t\t<div class=\"elementor-widget-container\">\n\t\t\t\t\t\t\t<div class=\"elementor-divider\">\n\t\t\t<span class=\"elementor-divider-separator\">\n\t\t\t\t\t\t<\/span>\n\t\t<\/div>\n\t\t\t\t\t\t<\/div>\n\t\t\t\t<\/div>\n\t\t\t\t<\/div>\n\t\t\t\t\t<\/div>\n\t\t\t\t<\/div>\n\t\t<div class=\"elementor-element elementor-element-a97ae78 e-flex e-con-boxed wpr-particle-no wpr-jarallax-no wpr-parallax-no wpr-sticky-section-no wpr-equal-height-no e-con e-parent\" data-id=\"a97ae78\" data-element_type=\"container\" data-e-type=\"container\">\n\t\t\t\t\t<div class=\"e-con-inner\">\n\t\t<div class=\"elementor-element elementor-element-6efead6 e-con-full e-flex wpr-particle-no wpr-jarallax-no wpr-parallax-no wpr-sticky-section-no wpr-equal-height-no e-con e-child\" data-id=\"6efead6\" data-element_type=\"container\" data-e-type=\"container\">\n\t\t<div class=\"elementor-element elementor-element-27a071d e-con-full e-flex wpr-particle-no wpr-jarallax-no wpr-parallax-no wpr-sticky-section-no wpr-equal-height-no elementor-invisible e-con e-child\" data-id=\"27a071d\" data-element_type=\"container\" data-e-type=\"container\" data-settings=\"{&quot;animation&quot;:&quot;zoomIn&quot;,&quot;animation_mobile&quot;:&quot;none&quot;}\">\n\t\t\t\t<div class=\"elementor-element elementor-element-b2679df elementor-widget elementor-widget-heading\" data-id=\"b2679df\" data-element_type=\"widget\" data-e-type=\"widget\" data-widget_type=\"heading.default\">\n\t\t\t\t<div class=\"elementor-widget-container\">\n\t\t\t\t\t<h2 class=\"elementor-heading-title elementor-size-default\">\u00c0 propos du Dr. Giovanni Biondi<\/h2>\t\t\t\t<\/div>\n\t\t\t\t<\/div>\n\t\t\t\t<div class=\"elementor-element elementor-element-c37494a elementor-widget elementor-widget-text-editor\" data-id=\"c37494a\" data-element_type=\"widget\" data-e-type=\"widget\" data-widget_type=\"text-editor.default\">\n\t\t\t\t<div class=\"elementor-widget-container\">\n\t\t\t\t\t\t\t\t\t<p>Le Dr Giovanni Biondi est un orthodontiste et universitaire italien estim\u00e9, reconnu pour son leadership et ses contributions \u00e0 l'enseignement international de l'orthodontie. Fort de plusieurs d\u00e9cennies d'exp\u00e9rience, il a occup\u00e9 de nombreux postes de professeur invit\u00e9 dans toute l'Europe et a jou\u00e9 un r\u00f4le essentiel dans la formation de la prochaine g\u00e9n\u00e9ration d'orthodontistes en dirigeant des programmes cliniques avanc\u00e9s. Sa philosophie met l'accent sur la pratique fond\u00e9e sur les preuves, l'excellence clinique et la collaboration mondiale. Il est directeur clinique de l'Institut d'orthodontie G. Cozzani \u00e0 La Spezia et joue un r\u00f4le actif dans de nombreux conseils et soci\u00e9t\u00e9s internationales d'orthodontie.<\/p>\t\t\t\t\t\t\t\t<\/div>\n\t\t\t\t<\/div>\n\t\t\t\t<div class=\"elementor-element elementor-element-bb55ad5 elementor-widget-divider--view-line elementor-widget elementor-widget-divider\" data-id=\"bb55ad5\" data-element_type=\"widget\" data-e-type=\"widget\" data-widget_type=\"divider.default\">\n\t\t\t\t<div class=\"elementor-widget-container\">\n\t\t\t\t\t\t\t<div class=\"elementor-divider\">\n\t\t\t<span class=\"elementor-divider-separator\">\n\t\t\t\t\t\t<\/span>\n\t\t<\/div>\n\t\t\t\t\t\t<\/div>\n\t\t\t\t<\/div>\n\t\t\t\t<div class=\"elementor-element elementor-element-071e28e elementor-widget elementor-widget-heading\" data-id=\"071e28e\" data-element_type=\"widget\" data-e-type=\"widget\" data-widget_type=\"heading.default\">\n\t\t\t\t<div class=\"elementor-widget-container\">\n\t\t\t\t\t<h2 class=\"elementor-heading-title elementor-size-default\">Exp\u00e9riences professionnelles<\/h2>\t\t\t\t<\/div>\n\t\t\t\t<\/div>\n\t\t\t\t<div class=\"elementor-element elementor-element-49db931 elementor-widget elementor-widget-text-editor\" data-id=\"49db931\" data-element_type=\"widget\" data-e-type=\"widget\" data-widget_type=\"text-editor.default\">\n\t\t\t\t<div class=\"elementor-widget-container\">\n\t\t\t\t\t\t\t\t\t<ul><li>Professeur invit\u00e9 en orthodontie, Universit\u00e9 de Padoue, Italie - Depuis 2024<\/li><li>Professeur invit\u00e9 en orthodontie, Universit\u00e9 de G\u00eanes, Italie - Depuis 2024<\/li><li>Directeur clinique, Institut G. Cozzani, La Spezia, Italie - Depuis 2017<\/li><li>Membre du conseil d'administration de la Tweed International Foundation for Orthodontic Research and Education, Tucson, AZ, USA - 2012-2018<\/li><li>Professeur collaborateur, Master d'orthodontie, Universit\u00e9 d'Oviedo, Espagne - 2015-2020<\/li><li>Professeur invit\u00e9 en orthodontie, Universit\u00e9 de Cagliari, Italie - 2016-2018<\/li><li>Directeur, cours d'orthodontie clinique de trois ans, Universit\u00e9 de Belgrade, Serbie - 2014-2020<\/li><li>Professeur invit\u00e9 en orthodontie, Universit\u00e9 de Ferrare, Italie - 2010-2014<\/li><li>Codirecteur, cours d'orthodontie clinique de trois ans, Institut G. Gaslini, G\u00eanes, Italie - 2000-2010<\/li><\/ul>\t\t\t\t\t\t\t\t<\/div>\n\t\t\t\t<\/div>\n\t\t\t\t<\/div>\n\t\t<div class=\"elementor-element elementor-element-54fb4c4 e-con-full e-flex wpr-particle-no wpr-jarallax-no wpr-parallax-no wpr-sticky-section-no wpr-equal-height-no elementor-invisible e-con e-child\" data-id=\"54fb4c4\" data-element_type=\"container\" data-e-type=\"container\" data-settings=\"{&quot;animation&quot;:&quot;zoomIn&quot;,&quot;animation_delay&quot;:200,&quot;animation_mobile&quot;:&quot;none&quot;}\">\n\t\t\t\t<div class=\"elementor-element elementor-element-d7e597e elementor-widget elementor-widget-image\" data-id=\"d7e597e\" data-element_type=\"widget\" data-e-type=\"widget\" data-widget_type=\"image.default\">\n\t\t\t\t<div class=\"elementor-widget-container\">\n\t\t\t\t\t\t\t\t\t\t\t\t\t\t\t<img fetchpriority=\"high\" decoding=\"async\" width=\"483\" height=\"460\" src=\"https:\/\/im-ortho.com\/wp-content\/uploads\/2025\/07\/dr-Giovanni-Biondi-1.jpg\" class=\"attachment-large size-large wp-image-2023\" alt=\"\" \/>\t\t\t\t\t\t\t\t\t\t\t\t\t\t\t<\/div>\n\t\t\t\t<\/div>\n\t\t\t\t<div class=\"elementor-element elementor-element-b5c1f84 elementor-widget elementor-widget-heading\" data-id=\"b5c1f84\" data-element_type=\"widget\" data-e-type=\"widget\" data-widget_type=\"heading.default\">\n\t\t\t\t<div class=\"elementor-widget-container\">\n\t\t\t\t\t<h2 class=\"elementor-heading-title elementor-size-default\">Dr. Giovanni Biondi<\/h2>\t\t\t\t<\/div>\n\t\t\t\t<\/div>\n\t\t\t\t<div class=\"elementor-element elementor-element-bdb3c2b elementor-widget elementor-widget-text-editor\" data-id=\"bdb3c2b\" data-element_type=\"widget\" data-e-type=\"widget\" data-widget_type=\"text-editor.default\">\n\t\t\t\t<div class=\"elementor-widget-container\">\n\t\t\t\t\t\t\t\t\t<ul><li>Professeur invit\u00e9 d'orthodontie<\/li><li>D\u00e9partement d'orthodontie et d'orthop\u00e9die dento-faciale<\/li><li>Universit\u00e9 de Padoue et Universit\u00e9 de G\u00eanes, Italie<\/li><\/ul>\t\t\t\t\t\t\t\t<\/div>\n\t\t\t\t<\/div>\n\t\t\t\t<div class=\"elementor-element elementor-element-aa1a3fa elementor-widget-divider--view-line elementor-widget elementor-widget-divider\" data-id=\"aa1a3fa\" data-element_type=\"widget\" data-e-type=\"widget\" data-widget_type=\"divider.default\">\n\t\t\t\t<div class=\"elementor-widget-container\">\n\t\t\t\t\t\t\t<div class=\"elementor-divider\">\n\t\t\t<span class=\"elementor-divider-separator\">\n\t\t\t\t\t\t<\/span>\n\t\t<\/div>\n\t\t\t\t\t\t<\/div>\n\t\t\t\t<\/div>\n\t\t\t\t<div class=\"elementor-element elementor-element-89b5ca8 elementor-widget elementor-widget-heading\" data-id=\"89b5ca8\" data-element_type=\"widget\" data-e-type=\"widget\" data-widget_type=\"heading.default\">\n\t\t\t\t<div class=\"elementor-widget-container\">\n\t\t\t\t\t<h2 class=\"elementor-heading-title elementor-size-default\">Informations sur le contact<\/h2>\t\t\t\t<\/div>\n\t\t\t\t<\/div>\n\t\t\t\t<div class=\"elementor-element elementor-element-47d1ec8 elementor-widget elementor-widget-text-editor\" data-id=\"47d1ec8\" data-element_type=\"widget\" data-e-type=\"widget\" data-widget_type=\"text-editor.default\">\n\t\t\t\t<div class=\"elementor-widget-container\">\n\t\t\t\t\t\t\t\t\t<p><strong>Courriel :<\/strong> air.giove.gb@gmail.com<br \/><strong>T\u00e9l\u00e9phone :<\/strong> +39 338 144 6200<br \/><strong>Bureau :<\/strong> Institut d'orthodontie G. Cozzani, La Spezia, Italie<\/p>\t\t\t\t\t\t\t\t<\/div>\n\t\t\t\t<\/div>\n\t\t\t\t<div class=\"elementor-element elementor-element-f4b24bc elementor-widget-divider--view-line elementor-widget elementor-widget-divider\" data-id=\"f4b24bc\" data-element_type=\"widget\" data-e-type=\"widget\" data-widget_type=\"divider.default\">\n\t\t\t\t<div class=\"elementor-widget-container\">\n\t\t\t\t\t\t\t<div class=\"elementor-divider\">\n\t\t\t<span class=\"elementor-divider-separator\">\n\t\t\t\t\t\t<\/span>\n\t\t<\/div>\n\t\t\t\t\t\t<\/div>\n\t\t\t\t<\/div>\n\t\t\t\t<\/div>\n\t\t\t\t<\/div>\n\t\t\t\t\t<\/div>\n\t\t\t\t<\/div>\n\t\t<div class=\"elementor-element elementor-element-faf1a57 e-flex e-con-boxed wpr-particle-no wpr-jarallax-no wpr-parallax-no wpr-sticky-section-no wpr-equal-height-no e-con e-parent\" data-id=\"faf1a57\" data-element_type=\"container\" data-e-type=\"container\" data-settings=\"{&quot;background_background&quot;:&quot;classic&quot;}\">\n\t\t\t\t\t<div class=\"e-con-inner\">\n\t\t<div class=\"elementor-element elementor-element-d109004 e-con-full e-flex wpr-particle-no wpr-jarallax-no wpr-parallax-no wpr-sticky-section-no wpr-equal-height-no e-con e-child\" data-id=\"d109004\" data-element_type=\"container\" data-e-type=\"container\">\n\t\t<div class=\"elementor-element elementor-element-eb9f818 e-con-full e-flex wpr-particle-no wpr-jarallax-no wpr-parallax-no wpr-sticky-section-no wpr-equal-height-no elementor-invisible e-con e-child\" data-id=\"eb9f818\" data-element_type=\"container\" data-e-type=\"container\" data-settings=\"{&quot;animation&quot;:&quot;zoomIn&quot;,&quot;animation_mobile&quot;:&quot;none&quot;}\">\n\t\t\t\t<div class=\"elementor-element elementor-element-55089ed elementor-widget elementor-widget-heading\" data-id=\"55089ed\" data-element_type=\"widget\" data-e-type=\"widget\" data-widget_type=\"heading.default\">\n\t\t\t\t<div class=\"elementor-widget-container\">\n\t\t\t\t\t<h2 class=\"elementor-heading-title elementor-size-default\">Certifications et adh\u00e9sions<\/h2>\t\t\t\t<\/div>\n\t\t\t\t<\/div>\n\t\t\t\t<div class=\"elementor-element elementor-element-ffa4a08 elementor-widget elementor-widget-text-editor\" data-id=\"ffa4a08\" data-element_type=\"widget\" data-e-type=\"widget\" data-widget_type=\"text-editor.default\">\n\t\t\t\t<div class=\"elementor-widget-container\">\n\t\t\t\t\t\t\t\t\t<ul><li>Fellow, Tweed International Foundation for Orthodontic Research and Education - Depuis 1996<\/li><li>Secr\u00e9taire g\u00e9n\u00e9ral, TEos International Orthodontic Study Group - Depuis 2022<\/li><li>Secr\u00e9taire g\u00e9n\u00e9ral de l'ASIO (Association italienne des sp\u00e9cialistes en orthodontie) - 2013-2017<\/li><li>Membre du conseil d'administration, AIdOr - 2010-2013, 2017<\/li><li>Membre du conseil d'administration, CEO (Coll\u00e8ge Europ\u00e9en d'Orthodontie) - 2002-2014<\/li><li>Membre du conseil d'administration de la SIDO (Societ\u00e0 Italiana Di Ortodonzia) - 2004-2005<\/li><li>Membre du conseil d'administration de l'ASIO - 2010-2013<\/li><li>Ambassadeur en Italie, Association am\u00e9ricaine des orthodontistes - Depuis 2018<\/li><\/ul>\t\t\t\t\t\t\t\t<\/div>\n\t\t\t\t<\/div>\n\t\t\t\t<div class=\"elementor-element elementor-element-dd3a10e elementor-widget-divider--view-line elementor-widget elementor-widget-divider\" data-id=\"dd3a10e\" data-element_type=\"widget\" data-e-type=\"widget\" data-widget_type=\"divider.default\">\n\t\t\t\t<div class=\"elementor-widget-container\">\n\t\t\t\t\t\t\t<div class=\"elementor-divider\">\n\t\t\t<span class=\"elementor-divider-separator\">\n\t\t\t\t\t\t<\/span>\n\t\t<\/div>\n\t\t\t\t\t\t<\/div>\n\t\t\t\t<\/div>\n\t\t\t\t<\/div>\n\t\t<div class=\"elementor-element elementor-element-e0dc577 e-con-full e-flex wpr-particle-no wpr-jarallax-no wpr-parallax-no wpr-sticky-section-no wpr-equal-height-no elementor-invisible e-con e-child\" data-id=\"e0dc577\" data-element_type=\"container\" data-e-type=\"container\" data-settings=\"{&quot;animation&quot;:&quot;zoomIn&quot;,&quot;animation_delay&quot;:200,&quot;animation_mobile&quot;:&quot;none&quot;}\">\n\t\t\t\t<div class=\"elementor-element elementor-element-8029495 elementor-widget elementor-widget-heading\" data-id=\"8029495\" data-element_type=\"widget\" data-e-type=\"widget\" data-widget_type=\"heading.default\">\n\t\t\t\t<div class=\"elementor-widget-container\">\n\t\t\t\t\t<h2 class=\"elementor-heading-title elementor-size-default\">Int\u00e9r\u00eats de la recherche<\/h2>\t\t\t\t<\/div>\n\t\t\t\t<\/div>\n\t\t\t\t<div class=\"elementor-element elementor-element-ffa8bb6 elementor-widget elementor-widget-text-editor\" data-id=\"ffa8bb6\" data-element_type=\"widget\" data-e-type=\"widget\" data-widget_type=\"text-editor.default\">\n\t\t\t\t<div class=\"elementor-widget-container\">\n\t\t\t\t\t\t\t\t\t<ul><li>Biom\u00e9canique en orthodontie<\/li><li>Enseignement clinique de l'orthodontie<\/li><li>Approches orthodontiques interdisciplinaires<\/li><li>Planification et ex\u00e9cution du traitement orthodontique<\/li><li>D\u00e9veloppement de programmes d'\u00e9tudes internationaux en orthodontie<\/li><\/ul>\t\t\t\t\t\t\t\t<\/div>\n\t\t\t\t<\/div>\n\t\t\t\t<div class=\"elementor-element elementor-element-2ab676a elementor-widget-divider--view-line elementor-widget elementor-widget-divider\" data-id=\"2ab676a\" data-element_type=\"widget\" data-e-type=\"widget\" data-widget_type=\"divider.default\">\n\t\t\t\t<div class=\"elementor-widget-container\">\n\t\t\t\t\t\t\t<div class=\"elementor-divider\">\n\t\t\t<span class=\"elementor-divider-separator\">\n\t\t\t\t\t\t<\/span>\n\t\t<\/div>\n\t\t\t\t\t\t<\/div>\n\t\t\t\t<\/div>\n\t\t\t\t<div class=\"elementor-element elementor-element-6de6c97 elementor-widget elementor-widget-heading\" data-id=\"6de6c97\" data-element_type=\"widget\" data-e-type=\"widget\" data-widget_type=\"heading.default\">\n\t\t\t\t<div class=\"elementor-widget-container\">\n\t\t\t\t\t<h2 class=\"elementor-heading-title elementor-size-default\">Cours d'enseignement<\/h2>\t\t\t\t<\/div>\n\t\t\t\t<\/div>\n\t\t\t\t<div class=\"elementor-element elementor-element-58954a3 elementor-widget elementor-widget-text-editor\" data-id=\"58954a3\" data-element_type=\"widget\" data-e-type=\"widget\" data-widget_type=\"text-editor.default\">\n\t\t\t\t<div class=\"elementor-widget-container\">\n\t\t\t\t\t\t\t\t\t<ul><li>Tweed International Foundation - Instructeur depuis 2000<\/li><li>Cours d'orthodontie TEos - Directeur depuis 2003<\/li><li>Formation clinique en orthodontie - Universit\u00e9 de Belgrade, Serbie<\/li><li>Biom\u00e9canique avanc\u00e9e et gestion des cas - Institut G. Cozzani<\/li><li>Programmes de master en collaboration dans les universit\u00e9s europ\u00e9ennes<\/li><\/ul>\t\t\t\t\t\t\t\t<\/div>\n\t\t\t\t<\/div>\n\t\t\t\t<div class=\"elementor-element elementor-element-63c7b0a elementor-widget-divider--view-line elementor-widget elementor-widget-divider\" data-id=\"63c7b0a\" data-element_type=\"widget\" data-e-type=\"widget\" data-widget_type=\"divider.default\">\n\t\t\t\t<div class=\"elementor-widget-container\">\n\t\t\t\t\t\t\t<div class=\"elementor-divider\">\n\t\t\t<span class=\"elementor-divider-separator\">\n\t\t\t\t\t\t<\/span>\n\t\t<\/div>\n\t\t\t\t\t\t<\/div>\n\t\t\t\t<\/div>\n\t\t\t\t<div class=\"elementor-element elementor-element-5f5134f elementor-widget elementor-widget-heading\" data-id=\"5f5134f\" data-element_type=\"widget\" data-e-type=\"widget\" data-widget_type=\"heading.default\">\n\t\t\t\t<div class=\"elementor-widget-container\">\n\t\t\t\t\t<h2 class=\"elementor-heading-title elementor-size-default\">Prix et distinctions<\/h2>\t\t\t\t<\/div>\n\t\t\t\t<\/div>\n\t\t\t\t<div class=\"elementor-element elementor-element-965bbb3 elementor-widget elementor-widget-text-editor\" data-id=\"965bbb3\" data-element_type=\"widget\" data-e-type=\"widget\" data-widget_type=\"text-editor.default\">\n\t\t\t\t<div class=\"elementor-widget-container\">\n\t\t\t\t\t\t\t\t\t<ul><li>Membre honoraire de la Soci\u00e9t\u00e9 serbe d'orthodontie<\/li><li>Membre honoraire, AREO (Asociazia Romana de Excelenta in Ortodontie)<\/li><li>Conf\u00e9rencier invit\u00e9 Association am\u00e9ricaine d'orthodontie<\/li><\/ul>\t\t\t\t\t\t\t\t<\/div>\n\t\t\t\t<\/div>\n\t\t\t\t<div class=\"elementor-element elementor-element-4286e00 elementor-widget-divider--view-line elementor-widget elementor-widget-divider\" data-id=\"4286e00\" data-element_type=\"widget\" data-e-type=\"widget\" data-widget_type=\"divider.default\">\n\t\t\t\t<div class=\"elementor-widget-container\">\n\t\t\t\t\t\t\t<div class=\"elementor-divider\">\n\t\t\t<span class=\"elementor-divider-separator\">\n\t\t\t\t\t\t<\/span>\n\t\t<\/div>\n\t\t\t\t\t\t<\/div>\n\t\t\t\t<\/div>\n\t\t\t\t<\/div>\n\t\t\t\t<\/div>\n\t\t\t\t\t<\/div>\n\t\t\t\t<\/div>\n\t\t\t\t<\/div>","protected":false},"excerpt":{"rendered":"<p>Dr. Giovanni Biondi About Dr. Giovanni Biondi Dr. Giovanni Biondi is an esteemed Italian orthodontist and academic, recognized for his leadership and contributions in international orthodontic education. With decades of experience, he has held numerous visiting professorships across Europe and played a pivotal role in shaping the next generation of orthodontists through his direction of advanced clinical programs. His philosophy emphasizes evidence-based practice, clinical excellence, and global collaboration. He serves as Clinical Director of the G. Cozzani Orthodontic Institute in La Spezia and is an active figure in multiple international orthodontic boards and societies. Professional Experiences Visiting Professor in Orthodontics, University of Padova, Italy \u2013 Since 2024 Visiting Professor in Orthodontics, University of Genova, Italy \u2013 Since 2024 Clinical Director, G. Cozzani Institute, La Spezia, Italy \u2013 Since 2017 Member of the Board of Directors, Tweed International Foundation for Orthodontic Research and Education, Tucson, AZ, USA \u2013 2012-2018 Professor Collaborator, Master of Orthodontics, University of Oviedo, Spain \u2013 2015\u20132020 Visiting Professor in Orthodontics, University of Cagliari, Italy \u2013 2016\u20132018 Director, Three-Year Clinical Orthodontic Course, University of Belgrade, Serbia \u2013 2014\u20132020 Visiting Professor in Orthodontics, University of Ferrara, Italy \u2013 2010\u20132014 Co-Director, Three-Year Clinical Orthodontic Course, G. Gaslini Institute, Genova, Italy \u2013 2000\u20132010 Dr. Giovanni Biondi Visiting Professor of Orthodontics Department of Orthodontics and Dentofacial Orthopedics University of Padova &amp; University of Genova, Italy Contact Information Email: air.giove.gb@gmail.comPhone: +39 338 144 6200Office: G. Cozzani Orthodontic Institute, La Spezia, Italy Certifications and Memberships Fellow, Tweed International Foundation for Orthodontic Research and Education \u2013 Since 1996 Secretary General, TEos International Orthodontic Study Group \u2013 Since 2022 Secretary General, ASIO (Italian Association of Orthodontic Specialists) \u2013 2013\u20132017 Member of the Board, AIdOr \u2013 2010\u20132013, 2017 Member of the Board, CEO (Coll\u00e8ge Europ\u00e9en d\u2019Orthodontie) \u2013 2002\u20132014 Member of the Board, SIDO (Societ\u00e0 Italiana Di Ortodonzia) \u2013 2004\u20132005 Member of the Board, ASIO \u2013 2010\u20132013 Ambassador in Italy, American Association of Orthodontists \u2013 Since 2018 Research Interests Biomechanics in orthodontics Clinical orthodontic education Interdisciplinary orthodontic approaches Orthodontic treatment planning and execution Development of international orthodontic curricula Teaching Courses Tweed International Foundation \u2013 Instructor since 2000 TEos Orthodontic Courses \u2013 Director since 2003 Clinical Orthodontic Training \u2013 University of Belgrade, Serbia Advanced Biomechanics and Case Management \u2013 G. Cozzani Institute Collaborative Master Programs in European Universities Awards and Honors Honorary Member, Serbian Society of Orthodontics Honorary Member, AREO (Asociazia Romana de Excelenta in Ortodontie) Invited speaker American Association of Orthodontics<\/p>","protected":false},"author":1,"featured_media":0,"parent":0,"menu_order":0,"comment_status":"closed","ping_status":"closed","template":"elementor_canvas","meta":{"footnotes":""},"class_list":["post-2042","page","type-page","status-publish","hentry"],"_links":{"self":[{"href":"https:\/\/im-ortho.com\/fr\/wp-json\/wp\/v2\/pages\/2042","targetHints":{"allow":["GET"]}}],"collection":[{"href":"https:\/\/im-ortho.com\/fr\/wp-json\/wp\/v2\/pages"}],"about":[{"href":"https:\/\/im-ortho.com\/fr\/wp-json\/wp\/v2\/types\/page"}],"author":[{"embeddable":true,"href":"https:\/\/im-ortho.com\/fr\/wp-json\/wp\/v2\/users\/1"}],"replies":[{"embeddable":true,"href":"https:\/\/im-ortho.com\/fr\/wp-json\/wp\/v2\/comments?post=2042"}],"version-history":[{"count":37,"href":"https:\/\/im-ortho.com\/fr\/wp-json\/wp\/v2\/pages\/2042\/revisions"}],"predecessor-version":[{"id":2125,"href":"https:\/\/im-ortho.com\/fr\/wp-json\/wp\/v2\/pages\/2042\/revisions\/2125"}],"wp:attachment":[{"href":"https:\/\/im-ortho.com\/fr\/wp-json\/wp\/v2\/media?parent=2042"}],"curies":[{"name":"wp","href":"https:\/\/api.w.org\/{rel}","templated":true}]}}