{"id":1727,"date":"2025-06-07T13:38:19","date_gmt":"2025-06-07T13:38:19","guid":{"rendered":"https:\/\/im-ortho.com\/?page_id=1727"},"modified":"2025-12-09T10:01:39","modified_gmt":"2025-12-09T10:01:39","slug":"links","status":"publish","type":"page","link":"https:\/\/im-ortho.com\/fr\/links\/","title":{"rendered":"Liens"},"content":{"rendered":"<div data-elementor-type=\"wp-page\" data-elementor-id=\"1727\" class=\"elementor elementor-1727\">\n\t\t\t\t<div class=\"elementor-element elementor-element-d6bd010 e-flex e-con-boxed wpr-particle-no wpr-jarallax-no wpr-parallax-no wpr-sticky-section-no wpr-equal-height-no elementor-invisible e-con e-parent\" data-id=\"d6bd010\" data-element_type=\"container\" data-e-type=\"container\" data-settings=\"{&quot;background_background&quot;:&quot;classic&quot;,&quot;animation&quot;:&quot;slideInDown&quot;,&quot;animation_mobile&quot;:&quot;none&quot;}\">\n\t\t\t\t\t<div class=\"e-con-inner\">\n\t\t<div class=\"elementor-element elementor-element-cf2439a e-con-full e-flex wpr-particle-no wpr-jarallax-no wpr-parallax-no wpr-sticky-section-no wpr-equal-height-no e-con e-child\" data-id=\"cf2439a\" data-element_type=\"container\" data-e-type=\"container\">\n\t\t\t\t<div class=\"elementor-element elementor-element-c82687a elementor-widget elementor-widget-heading\" data-id=\"c82687a\" data-element_type=\"widget\" data-e-type=\"widget\" data-widget_type=\"heading.default\">\n\t\t\t\t<div class=\"elementor-widget-container\">\n\t\t\t\t\t<h2 class=\"elementor-heading-title elementor-size-default\">Liens importants<\/h2>\t\t\t\t<\/div>\n\t\t\t\t<\/div>\n\t\t\t\t<div class=\"elementor-element elementor-element-95f260f elementor-widget-divider--view-line elementor-widget elementor-widget-divider\" data-id=\"95f260f\" data-element_type=\"widget\" data-e-type=\"widget\" data-widget_type=\"divider.default\">\n\t\t\t\t<div class=\"elementor-widget-container\">\n\t\t\t\t\t\t\t<div class=\"elementor-divider\">\n\t\t\t<span class=\"elementor-divider-separator\">\n\t\t\t\t\t\t<\/span>\n\t\t<\/div>\n\t\t\t\t\t\t<\/div>\n\t\t\t\t<\/div>\n\t\t\t\t<\/div>\n\t\t\t\t\t<\/div>\n\t\t\t\t<\/div>\n\t\t<div class=\"elementor-element elementor-element-fa08f60 e-flex e-con-boxed wpr-particle-no wpr-jarallax-no wpr-parallax-no wpr-sticky-section-no wpr-equal-height-no elementor-invisible e-con e-parent\" data-id=\"fa08f60\" data-element_type=\"container\" data-e-type=\"container\" data-settings=\"{&quot;animation&quot;:&quot;zoomIn&quot;,&quot;animation_mobile&quot;:&quot;none&quot;}\">\n\t\t\t\t\t<div class=\"e-con-inner\">\n\t\t<div class=\"elementor-element elementor-element-e428364 e-con-full e-flex wpr-particle-no wpr-jarallax-no wpr-parallax-no wpr-sticky-section-no wpr-equal-height-no elementor-invisible e-con e-child\" data-id=\"e428364\" data-element_type=\"container\" data-e-type=\"container\" data-settings=\"{&quot;animation&quot;:&quot;zoomIn&quot;,&quot;animation_mobile&quot;:&quot;none&quot;}\">\n\t\t\t\t<div class=\"elementor-element elementor-element-038e67a elementor-widget elementor-widget-heading\" data-id=\"038e67a\" data-element_type=\"widget\" data-e-type=\"widget\" data-widget_type=\"heading.default\">\n\t\t\t\t<div class=\"elementor-widget-container\">\n\t\t\t\t\t<h2 class=\"elementor-heading-title elementor-size-default\">Liens importants<\/h2>\t\t\t\t<\/div>\n\t\t\t\t<\/div>\n\t\t\t\t<div class=\"elementor-element elementor-element-4b9daa1 elementor-widget elementor-widget-text-editor\" data-id=\"4b9daa1\" data-element_type=\"widget\" data-e-type=\"widget\" data-widget_type=\"text-editor.default\">\n\t\t\t\t<div class=\"elementor-widget-container\">\n\t\t\t\t\t\t\t\t\t<ul><li>Universidad Europea Miguel de Cervantes : <a href=\"https:\/\/www.uemc.es\/\">https:\/\/www.uemc.es\/<\/a><\/li><li>Association am\u00e9ricaine des orthodontistes (AAO) : <a href=\"http:\/\/www.braces.org\/\">http:\/\/www.braces.org\/<\/a><\/li><li>Soci\u00e9t\u00e9 europ\u00e9enne d'orthodontie : <a href=\"http:\/\/www.eoseurope.org\/\">http:\/\/www.eoseurope.org\/<\/a><\/li><li>F\u00e9d\u00e9ration mondiale des orthodontistes : <a href=\"http:\/\/www.wfo.org\">wfo.org<\/a><\/li><li>Institut Cozzani : <a href=\"https:\/\/istitutogiuseppecozzani.it\/\">https:\/\/istitutogiuseppecozzani.it\/<\/a><\/li><li>Orthodontie Bouserhal : <a href=\"https:\/\/www.bouserhalortho.com\/\">https:\/\/www.bouserhalortho.com\/<\/a><\/li><\/ul>\t\t\t\t\t\t\t\t<\/div>\n\t\t\t\t<\/div>\n\t\t\t\t<\/div>\n\t\t\t\t\t<\/div>\n\t\t\t\t<\/div>\n\t\t<div class=\"elementor-element elementor-element-5072457 e-grid animated-slow e-con-boxed wpr-particle-no wpr-jarallax-no wpr-parallax-no wpr-sticky-section-no wpr-equal-height-no elementor-invisible e-con e-parent\" data-id=\"5072457\" data-element_type=\"container\" data-e-type=\"container\" data-settings=\"{&quot;animation&quot;:&quot;fadeIn&quot;,&quot;animation_delay&quot;:200}\">\n\t\t\t\t\t<div class=\"e-con-inner\">\n\t\t\t\t<div class=\"elementor-element elementor-element-35e0f53 elementor-widget elementor-widget-image\" data-id=\"35e0f53\" data-element_type=\"widget\" data-e-type=\"widget\" data-widget_type=\"image.default\">\n\t\t\t\t<div class=\"elementor-widget-container\">\n\t\t\t\t\t\t\t\t\t\t\t\t\t\t\t\t<a href=\"https:\/\/www.uemc.es\/\">\n\t\t\t\t\t\t\t<img fetchpriority=\"high\" decoding=\"async\" width=\"289\" height=\"200\" src=\"https:\/\/im-ortho.com\/wp-content\/uploads\/2025\/12\/Universidad-Europea-Miguel-de-Cervantes.jpg\" class=\"attachment-large size-large wp-image-2441\" alt=\"\" srcset=\"https:\/\/im-ortho.com\/wp-content\/uploads\/2025\/12\/Universidad-Europea-Miguel-de-Cervantes.jpg 289w, https:\/\/im-ortho.com\/wp-content\/uploads\/2025\/12\/Universidad-Europea-Miguel-de-Cervantes-18x12.jpg 18w\" sizes=\"(max-width: 289px) 100vw, 289px\" \/>\t\t\t\t\t\t\t\t<\/a>\n\t\t\t\t\t\t\t\t\t\t\t\t\t\t\t<\/div>\n\t\t\t\t<\/div>\n\t\t\t\t<div class=\"elementor-element elementor-element-bc5fa24 elementor-widget elementor-widget-image\" data-id=\"bc5fa24\" data-element_type=\"widget\" data-e-type=\"widget\" data-widget_type=\"image.default\">\n\t\t\t\t<div class=\"elementor-widget-container\">\n\t\t\t\t\t\t\t\t\t\t\t\t\t\t\t\t<a href=\"https:\/\/aaoinfo.org\/\" target=\"_blank\">\n\t\t\t\t\t\t\t<img decoding=\"async\" width=\"289\" height=\"200\" src=\"https:\/\/im-ortho.com\/wp-content\/uploads\/2025\/12\/American-Association-of-Orthodontists.jpg\" class=\"attachment-large size-large wp-image-2438\" alt=\"\" srcset=\"https:\/\/im-ortho.com\/wp-content\/uploads\/2025\/12\/American-Association-of-Orthodontists.jpg 289w, https:\/\/im-ortho.com\/wp-content\/uploads\/2025\/12\/American-Association-of-Orthodontists-18x12.jpg 18w\" sizes=\"(max-width: 289px) 100vw, 289px\" \/>\t\t\t\t\t\t\t\t<\/a>\n\t\t\t\t\t\t\t\t\t\t\t\t\t\t\t<\/div>\n\t\t\t\t<\/div>\n\t\t\t\t<div class=\"elementor-element elementor-element-fe70637 elementor-widget elementor-widget-image\" data-id=\"fe70637\" data-element_type=\"widget\" data-e-type=\"widget\" data-widget_type=\"image.default\">\n\t\t\t\t<div class=\"elementor-widget-container\">\n\t\t\t\t\t\t\t\t\t\t\t\t\t\t\t\t<a href=\"https:\/\/eoseurope.org\/\" target=\"_blank\">\n\t\t\t\t\t\t\t<img decoding=\"async\" width=\"289\" height=\"200\" src=\"https:\/\/im-ortho.com\/wp-content\/uploads\/2025\/12\/European-Orthodontic-Society.jpg\" class=\"attachment-large size-large wp-image-2440\" alt=\"\" srcset=\"https:\/\/im-ortho.com\/wp-content\/uploads\/2025\/12\/European-Orthodontic-Society.jpg 289w, https:\/\/im-ortho.com\/wp-content\/uploads\/2025\/12\/European-Orthodontic-Society-18x12.jpg 18w\" sizes=\"(max-width: 289px) 100vw, 289px\" \/>\t\t\t\t\t\t\t\t<\/a>\n\t\t\t\t\t\t\t\t\t\t\t\t\t\t\t<\/div>\n\t\t\t\t<\/div>\n\t\t\t\t<div class=\"elementor-element elementor-element-ca3c55c elementor-widget elementor-widget-image\" data-id=\"ca3c55c\" data-element_type=\"widget\" data-e-type=\"widget\" data-widget_type=\"image.default\">\n\t\t\t\t<div class=\"elementor-widget-container\">\n\t\t\t\t\t\t\t\t\t\t\t\t\t\t\t\t<a href=\"https:\/\/www.wfo.org\/\" target=\"_blank\">\n\t\t\t\t\t\t\t<img loading=\"lazy\" decoding=\"async\" width=\"289\" height=\"200\" src=\"https:\/\/im-ortho.com\/wp-content\/uploads\/2025\/12\/World-Federation-of-Orthodontists.jpg\" class=\"attachment-large size-large wp-image-2442\" alt=\"\" srcset=\"https:\/\/im-ortho.com\/wp-content\/uploads\/2025\/12\/World-Federation-of-Orthodontists.jpg 289w, https:\/\/im-ortho.com\/wp-content\/uploads\/2025\/12\/World-Federation-of-Orthodontists-18x12.jpg 18w\" sizes=\"(max-width: 289px) 100vw, 289px\" \/>\t\t\t\t\t\t\t\t<\/a>\n\t\t\t\t\t\t\t\t\t\t\t\t\t\t\t<\/div>\n\t\t\t\t<\/div>\n\t\t\t\t<div class=\"elementor-element elementor-element-fab6444 elementor-widget elementor-widget-image\" data-id=\"fab6444\" data-element_type=\"widget\" data-e-type=\"widget\" data-widget_type=\"image.default\">\n\t\t\t\t<div class=\"elementor-widget-container\">\n\t\t\t\t\t\t\t\t\t\t\t\t\t\t\t\t<a href=\"https:\/\/istitutogiuseppecozzani.it\/\" target=\"_blank\">\n\t\t\t\t\t\t\t<img loading=\"lazy\" decoding=\"async\" width=\"289\" height=\"200\" src=\"https:\/\/im-ortho.com\/wp-content\/uploads\/2025\/12\/Cozzani-Institute.jpg\" class=\"attachment-large size-large wp-image-2439\" alt=\"\" srcset=\"https:\/\/im-ortho.com\/wp-content\/uploads\/2025\/12\/Cozzani-Institute.jpg 289w, https:\/\/im-ortho.com\/wp-content\/uploads\/2025\/12\/Cozzani-Institute-18x12.jpg 18w\" sizes=\"(max-width: 289px) 100vw, 289px\" \/>\t\t\t\t\t\t\t\t<\/a>\n\t\t\t\t\t\t\t\t\t\t\t\t\t\t\t<\/div>\n\t\t\t\t<\/div>\n\t\t\t\t<div class=\"elementor-element elementor-element-9afcb81 elementor-widget elementor-widget-image\" data-id=\"9afcb81\" data-element_type=\"widget\" data-e-type=\"widget\" data-widget_type=\"image.default\">\n\t\t\t\t<div class=\"elementor-widget-container\">\n\t\t\t\t\t\t\t\t\t\t\t\t\t\t\t\t<a href=\"https:\/\/istitutogiuseppecozzani.it\/\" target=\"_blank\">\n\t\t\t\t\t\t\t<img loading=\"lazy\" decoding=\"async\" width=\"960\" height=\"960\" src=\"https:\/\/im-ortho.com\/wp-content\/uploads\/2025\/12\/New-Logo-BSO-Grey-Draft_Logo-1-Shades-White-BG1-transparent-background.png\" class=\"attachment-large size-large wp-image-2459\" alt=\"\" srcset=\"https:\/\/im-ortho.com\/wp-content\/uploads\/2025\/12\/New-Logo-BSO-Grey-Draft_Logo-1-Shades-White-BG1-transparent-background.png 1000w, https:\/\/im-ortho.com\/wp-content\/uploads\/2025\/12\/New-Logo-BSO-Grey-Draft_Logo-1-Shades-White-BG1-transparent-background-300x300.png 300w, https:\/\/im-ortho.com\/wp-content\/uploads\/2025\/12\/New-Logo-BSO-Grey-Draft_Logo-1-Shades-White-BG1-transparent-background-150x150.png 150w, https:\/\/im-ortho.com\/wp-content\/uploads\/2025\/12\/New-Logo-BSO-Grey-Draft_Logo-1-Shades-White-BG1-transparent-background-768x768.png 768w, https:\/\/im-ortho.com\/wp-content\/uploads\/2025\/12\/New-Logo-BSO-Grey-Draft_Logo-1-Shades-White-BG1-transparent-background-12x12.png 12w\" sizes=\"(max-width: 960px) 100vw, 960px\" \/>\t\t\t\t\t\t\t\t<\/a>\n\t\t\t\t\t\t\t\t\t\t\t\t\t\t\t<\/div>\n\t\t\t\t<\/div>\n\t\t\t\t\t<\/div>\n\t\t\t\t<\/div>\n\t\t<div class=\"elementor-element elementor-element-0315595 e-flex e-con-boxed wpr-particle-no wpr-jarallax-no wpr-parallax-no wpr-sticky-section-no wpr-equal-height-no e-con e-parent\" data-id=\"0315595\" data-element_type=\"container\" data-e-type=\"container\">\n\t\t\t\t\t<div class=\"e-con-inner\">\n\t\t\t\t\t<\/div>\n\t\t\t\t<\/div>\n\t\t\t\t<\/div>","protected":false},"excerpt":{"rendered":"<p>Important Links Important Links Universidad Europea Miguel de Cervantes\u00a0: https:\/\/www.uemc.es\/ \u200b\u200b\u200bAmerican Association of Orthodontists (AAO): http:\/\/www.braces.org\/ European Orthodontic Society: http:\/\/www.eoseurope.org\/ World Federation of Orthodontists: wfo.org Cozzani Institute: https:\/\/istitutogiuseppecozzani.it\/ Bouserhal Orthodontics: https:\/\/www.bouserhalortho.com\/<\/p>","protected":false},"author":1,"featured_media":0,"parent":0,"menu_order":0,"comment_status":"closed","ping_status":"closed","template":"elementor_canvas","meta":{"footnotes":""},"class_list":["post-1727","page","type-page","status-publish","hentry"],"_links":{"self":[{"href":"https:\/\/im-ortho.com\/fr\/wp-json\/wp\/v2\/pages\/1727","targetHints":{"allow":["GET"]}}],"collection":[{"href":"https:\/\/im-ortho.com\/fr\/wp-json\/wp\/v2\/pages"}],"about":[{"href":"https:\/\/im-ortho.com\/fr\/wp-json\/wp\/v2\/types\/page"}],"author":[{"embeddable":true,"href":"https:\/\/im-ortho.com\/fr\/wp-json\/wp\/v2\/users\/1"}],"replies":[{"embeddable":true,"href":"https:\/\/im-ortho.com\/fr\/wp-json\/wp\/v2\/comments?post=1727"}],"version-history":[{"count":46,"href":"https:\/\/im-ortho.com\/fr\/wp-json\/wp\/v2\/pages\/1727\/revisions"}],"predecessor-version":[{"id":2468,"href":"https:\/\/im-ortho.com\/fr\/wp-json\/wp\/v2\/pages\/1727\/revisions\/2468"}],"wp:attachment":[{"href":"https:\/\/im-ortho.com\/fr\/wp-json\/wp\/v2\/media?parent=1727"}],"curies":[{"name":"wp","href":"https:\/\/api.w.org\/{rel}","templated":true}]}}