{"id":2098,"date":"2025-08-01T11:37:48","date_gmt":"2025-08-01T11:37:48","guid":{"rendered":"https:\/\/im-ortho.com\/?page_id=2098"},"modified":"2025-08-01T11:50:29","modified_gmt":"2025-08-01T11:50:29","slug":"ramon-mompell","status":"publish","type":"page","link":"https:\/\/im-ortho.com\/es\/ramon-mompell\/","title":{"rendered":"Ram\u00f3n Mompell"},"content":{"rendered":"<div data-elementor-type=\"wp-page\" data-elementor-id=\"2098\" class=\"elementor elementor-2098\">\n\t\t\t\t<div class=\"elementor-element elementor-element-d6bd010 e-flex e-con-boxed wpr-particle-no wpr-jarallax-no wpr-parallax-no wpr-sticky-section-no wpr-equal-height-no elementor-invisible e-con e-parent\" data-id=\"d6bd010\" data-element_type=\"container\" data-e-type=\"container\" data-settings=\"{&quot;background_background&quot;:&quot;classic&quot;,&quot;animation&quot;:&quot;slideInDown&quot;,&quot;animation_mobile&quot;:&quot;none&quot;}\">\n\t\t\t\t\t<div class=\"e-con-inner\">\n\t\t<div class=\"elementor-element elementor-element-cf2439a e-con-full e-flex wpr-particle-no wpr-jarallax-no wpr-parallax-no wpr-sticky-section-no wpr-equal-height-no e-con e-child\" data-id=\"cf2439a\" data-element_type=\"container\" data-e-type=\"container\">\n\t\t\t\t<div class=\"elementor-element elementor-element-c82687a elementor-widget elementor-widget-heading\" data-id=\"c82687a\" data-element_type=\"widget\" data-e-type=\"widget\" data-widget_type=\"heading.default\">\n\t\t\t\t<div class=\"elementor-widget-container\">\n\t\t\t\t\t<h2 class=\"elementor-heading-title elementor-size-default\">Ram\u00f3n Mompell D.M.D., MSc<\/h2>\t\t\t\t<\/div>\n\t\t\t\t<\/div>\n\t\t\t\t<div class=\"elementor-element elementor-element-95f260f elementor-widget-divider--view-line elementor-widget elementor-widget-divider\" data-id=\"95f260f\" data-element_type=\"widget\" data-e-type=\"widget\" data-widget_type=\"divider.default\">\n\t\t\t\t<div class=\"elementor-widget-container\">\n\t\t\t\t\t\t\t<div class=\"elementor-divider\">\n\t\t\t<span class=\"elementor-divider-separator\">\n\t\t\t\t\t\t<\/span>\n\t\t<\/div>\n\t\t\t\t\t\t<\/div>\n\t\t\t\t<\/div>\n\t\t\t\t<\/div>\n\t\t\t\t\t<\/div>\n\t\t\t\t<\/div>\n\t\t<div class=\"elementor-element elementor-element-a97ae78 e-flex e-con-boxed wpr-particle-no wpr-jarallax-no wpr-parallax-no wpr-sticky-section-no wpr-equal-height-no e-con e-parent\" data-id=\"a97ae78\" data-element_type=\"container\" data-e-type=\"container\">\n\t\t\t\t\t<div class=\"e-con-inner\">\n\t\t<div class=\"elementor-element elementor-element-6efead6 e-con-full e-flex wpr-particle-no wpr-jarallax-no wpr-parallax-no wpr-sticky-section-no wpr-equal-height-no e-con e-child\" data-id=\"6efead6\" data-element_type=\"container\" data-e-type=\"container\">\n\t\t<div class=\"elementor-element elementor-element-27a071d e-con-full e-flex wpr-particle-no wpr-jarallax-no wpr-parallax-no wpr-sticky-section-no wpr-equal-height-no elementor-invisible e-con e-child\" data-id=\"27a071d\" data-element_type=\"container\" data-e-type=\"container\" data-settings=\"{&quot;animation&quot;:&quot;zoomIn&quot;,&quot;animation_mobile&quot;:&quot;none&quot;}\">\n\t\t\t\t<div class=\"elementor-element elementor-element-b2679df elementor-widget elementor-widget-heading\" data-id=\"b2679df\" data-element_type=\"widget\" data-e-type=\"widget\" data-widget_type=\"heading.default\">\n\t\t\t\t<div class=\"elementor-widget-container\">\n\t\t\t\t\t<h2 class=\"elementor-heading-title elementor-size-default\">Sobre el Dr. Ram\u00f3n Mompell <\/h2>\t\t\t\t<\/div>\n\t\t\t\t<\/div>\n\t\t\t\t<div class=\"elementor-element elementor-element-c37494a elementor-widget elementor-widget-text-editor\" data-id=\"c37494a\" data-element_type=\"widget\" data-e-type=\"widget\" data-widget_type=\"text-editor.default\">\n\t\t\t\t<div class=\"elementor-widget-container\">\n\t\t\t\t\t\t\t\t\t<p><strong>Dr. Ram\u00f3n Mompell <\/strong>es un destacado ortodoncista y l\u00edder cl\u00ednico, reconocido internacionalmente por su experiencia en ortodoncia digital y expansi\u00f3n maxilar no quir\u00fargica en adultos. Ejerce como Director M\u00e9dico de Ortodoncia de un grupo de 40 cl\u00ednicas en toda Espa\u00f1a y lidera el Team Mompell, con consultas en Madrid y Dubai. Con m\u00e1s de 4.500 casos tratados con alineadores, se le considera un referente en la terapia con alineadores transparentes. El Dr. Mompell es investigador activo en la Universidad de California, Los \u00c1ngeles (UCLA), donde investiga los cambios en las v\u00edas respiratorias y la est\u00e9tica facial relacionados con las deficiencias esquel\u00e9ticas transversales. Tambi\u00e9n es profesor invitado en la Universidad de Ajou (Corea), as\u00ed como en m\u00faltiples universidades espa\u00f1olas, y con frecuencia imparte conferencias en congresos internacionales. Sus trabajos se han publicado en revistas de prestigio como <em>Progresos en ortodoncia <\/em>y <em>AJODO<\/em>y sus protocolos cl\u00ednicos son ampliamente adoptados por m\u00e9dicos de todo el mundo.<\/p>\t\t\t\t\t\t\t\t<\/div>\n\t\t\t\t<\/div>\n\t\t\t\t<div class=\"elementor-element elementor-element-bb55ad5 elementor-widget-divider--view-line elementor-widget elementor-widget-divider\" data-id=\"bb55ad5\" data-element_type=\"widget\" data-e-type=\"widget\" data-widget_type=\"divider.default\">\n\t\t\t\t<div class=\"elementor-widget-container\">\n\t\t\t\t\t\t\t<div class=\"elementor-divider\">\n\t\t\t<span class=\"elementor-divider-separator\">\n\t\t\t\t\t\t<\/span>\n\t\t<\/div>\n\t\t\t\t\t\t<\/div>\n\t\t\t\t<\/div>\n\t\t\t\t<div class=\"elementor-element elementor-element-071e28e elementor-widget elementor-widget-heading\" data-id=\"071e28e\" data-element_type=\"widget\" data-e-type=\"widget\" data-widget_type=\"heading.default\">\n\t\t\t\t<div class=\"elementor-widget-container\">\n\t\t\t\t\t<h2 class=\"elementor-heading-title elementor-size-default\">Experiencias profesionales<\/h2>\t\t\t\t<\/div>\n\t\t\t\t<\/div>\n\t\t\t\t<div class=\"elementor-element elementor-element-49db931 elementor-widget elementor-widget-text-editor\" data-id=\"49db931\" data-element_type=\"widget\" data-e-type=\"widget\" data-widget_type=\"text-editor.default\">\n\t\t\t\t<div class=\"elementor-widget-container\">\n\t\t\t\t\t\t\t\t\t<ul><li><p>Investigador en la Universidad de California en Los \u00c1ngeles (UCLA), Dep. de Ortodoncia.<\/p><\/li><li><p>Fundador y actual Presidente de la Asociaci\u00f3n Internacional Digital MARPE.<\/p><\/li><li><p>Director cl\u00ednico del \"Equipo Mompell\" con m\u00e1s de 40 cl\u00ednicas. <\/p><\/li><li><p>Profesor de la Universidad de Ajou (AU), Se\u00fal, Corea<\/p><\/li><li><p>Profesor de la Universidad de California en Los \u00c1ngeles (UCLA). UU.<\/p><\/li><li><p>Profesor de la Universidad de Coimbra (UC), Portugal<\/p><\/li><li><p>M\u00e1s de 4.500 casos tratados con Invisalign.<\/p><p>\u00a0<\/p><\/li><\/ul>\t\t\t\t\t\t\t\t<\/div>\n\t\t\t\t<\/div>\n\t\t\t\t<\/div>\n\t\t<div class=\"elementor-element elementor-element-54fb4c4 e-con-full e-flex wpr-particle-no wpr-jarallax-no wpr-parallax-no wpr-sticky-section-no wpr-equal-height-no elementor-invisible e-con e-child\" data-id=\"54fb4c4\" data-element_type=\"container\" data-e-type=\"container\" data-settings=\"{&quot;animation&quot;:&quot;zoomIn&quot;,&quot;animation_delay&quot;:200,&quot;animation_mobile&quot;:&quot;none&quot;}\">\n\t\t\t\t<div class=\"elementor-element elementor-element-d7e597e elementor-widget elementor-widget-image\" data-id=\"d7e597e\" data-element_type=\"widget\" data-e-type=\"widget\" data-widget_type=\"image.default\">\n\t\t\t\t<div class=\"elementor-widget-container\">\n\t\t\t\t\t\t\t\t\t\t\t\t\t\t\t<img fetchpriority=\"high\" decoding=\"async\" width=\"483\" height=\"460\" src=\"https:\/\/im-ortho.com\/wp-content\/uploads\/2025\/07\/Dr-Ramon-Mompell-1.jpg\" class=\"attachment-large size-large wp-image-2025\" alt=\"\" \/>\t\t\t\t\t\t\t\t\t\t\t\t\t\t\t<\/div>\n\t\t\t\t<\/div>\n\t\t\t\t<div class=\"elementor-element elementor-element-89b5ca8 elementor-widget elementor-widget-heading\" data-id=\"89b5ca8\" data-element_type=\"widget\" data-e-type=\"widget\" data-widget_type=\"heading.default\">\n\t\t\t\t<div class=\"elementor-widget-container\">\n\t\t\t\t\t<h2 class=\"elementor-heading-title elementor-size-default\">Informaci\u00f3n de contacto<\/h2>\t\t\t\t<\/div>\n\t\t\t\t<\/div>\n\t\t\t\t<div class=\"elementor-element elementor-element-47d1ec8 elementor-widget elementor-widget-text-editor\" data-id=\"47d1ec8\" data-element_type=\"widget\" data-e-type=\"widget\" data-widget_type=\"text-editor.default\">\n\t\t\t\t<div class=\"elementor-widget-container\">\n\t\t\t\t\t\t\t\t\t<p><strong>Correo electr\u00f3nico:<\/strong> <a href=\"mailto:ortodoncia.mompell@gmail.com\">ortodoncia.mompell@gmail.com<\/a><br \/><strong>Tel\u00e9fono:<\/strong> +34660530017<br \/><strong>Oficina:<\/strong> Calle Pr\u00edncipe de Vergara 2<br \/><strong>LinkedIn \/ Perfil profesional:<\/strong> @ramon.mompell<\/p>\t\t\t\t\t\t\t\t<\/div>\n\t\t\t\t<\/div>\n\t\t\t\t<div class=\"elementor-element elementor-element-f4b24bc elementor-widget-divider--view-line elementor-widget elementor-widget-divider\" data-id=\"f4b24bc\" data-element_type=\"widget\" data-e-type=\"widget\" data-widget_type=\"divider.default\">\n\t\t\t\t<div class=\"elementor-widget-container\">\n\t\t\t\t\t\t\t<div class=\"elementor-divider\">\n\t\t\t<span class=\"elementor-divider-separator\">\n\t\t\t\t\t\t<\/span>\n\t\t<\/div>\n\t\t\t\t\t\t<\/div>\n\t\t\t\t<\/div>\n\t\t\t\t<div class=\"elementor-element elementor-element-7c4ff41 elementor-widget elementor-widget-heading\" data-id=\"7c4ff41\" data-element_type=\"widget\" data-e-type=\"widget\" data-widget_type=\"heading.default\">\n\t\t\t\t<div class=\"elementor-widget-container\">\n\t\t\t\t\t<h2 class=\"elementor-heading-title elementor-size-default\">T\u00edtulos acad\u00e9micos<\/h2>\t\t\t\t<\/div>\n\t\t\t\t<\/div>\n\t\t\t\t<div class=\"elementor-element elementor-element-0fa0961 elementor-widget elementor-widget-text-editor\" data-id=\"0fa0961\" data-element_type=\"widget\" data-e-type=\"widget\" data-widget_type=\"text-editor.default\">\n\t\t\t\t<div class=\"elementor-widget-container\">\n\t\t\t\t\t\t\t\t\t<ul><li>M\u00e1ster en Ortodoncia y Ortopedia Craneofacial. Hospital Fundaci\u00f3n Jim\u00e9nez D\u00edaz. Madrid Espa\u00f1a.<\/li><li>M\u00e1ster en Odontolog\u00eda Integrada. Universidad Rey Juan Carlos (URJC). Madrid, Espa\u00f1a. <\/li><li>M\u00e1ster en Biolog\u00eda Oral. Universidad de California, Los \u00c1ngeles (UCLA), EE.UU. <\/li><li>M\u00e1ster en Medicina del Sue\u00f1o por la Universidad de Carolina del Norte (UNC), EE.UU.<\/li><\/ul>\t\t\t\t\t\t\t\t<\/div>\n\t\t\t\t<\/div>\n\t\t\t\t<div class=\"elementor-element elementor-element-1564718 elementor-widget-divider--view-line elementor-widget elementor-widget-divider\" data-id=\"1564718\" data-element_type=\"widget\" data-e-type=\"widget\" data-widget_type=\"divider.default\">\n\t\t\t\t<div class=\"elementor-widget-container\">\n\t\t\t\t\t\t\t<div class=\"elementor-divider\">\n\t\t\t<span class=\"elementor-divider-separator\">\n\t\t\t\t\t\t<\/span>\n\t\t<\/div>\n\t\t\t\t\t\t<\/div>\n\t\t\t\t<\/div>\n\t\t\t\t<\/div>\n\t\t\t\t<\/div>\n\t\t\t\t\t<\/div>\n\t\t\t\t<\/div>\n\t\t<div class=\"elementor-element elementor-element-faf1a57 e-flex e-con-boxed wpr-particle-no wpr-jarallax-no wpr-parallax-no wpr-sticky-section-no wpr-equal-height-no e-con e-parent\" data-id=\"faf1a57\" data-element_type=\"container\" data-e-type=\"container\" data-settings=\"{&quot;background_background&quot;:&quot;classic&quot;}\">\n\t\t\t\t\t<div class=\"e-con-inner\">\n\t\t<div class=\"elementor-element elementor-element-d109004 e-con-full e-flex wpr-particle-no wpr-jarallax-no wpr-parallax-no wpr-sticky-section-no wpr-equal-height-no e-con e-child\" data-id=\"d109004\" data-element_type=\"container\" data-e-type=\"container\">\n\t\t<div class=\"elementor-element elementor-element-eb9f818 e-con-full e-flex wpr-particle-no wpr-jarallax-no wpr-parallax-no wpr-sticky-section-no wpr-equal-height-no elementor-invisible e-con e-child\" data-id=\"eb9f818\" data-element_type=\"container\" data-e-type=\"container\" data-settings=\"{&quot;animation&quot;:&quot;zoomIn&quot;,&quot;animation_mobile&quot;:&quot;none&quot;}\">\n\t\t\t\t<div class=\"elementor-element elementor-element-55089ed elementor-widget elementor-widget-heading\" data-id=\"55089ed\" data-element_type=\"widget\" data-e-type=\"widget\" data-widget_type=\"heading.default\">\n\t\t\t\t<div class=\"elementor-widget-container\">\n\t\t\t\t\t<h2 class=\"elementor-heading-title elementor-size-default\">Certificaciones y afiliaciones<\/h2>\t\t\t\t<\/div>\n\t\t\t\t<\/div>\n\t\t\t\t<div class=\"elementor-element elementor-element-ffa4a08 elementor-widget elementor-widget-text-editor\" data-id=\"ffa4a08\" data-element_type=\"widget\" data-e-type=\"widget\" data-widget_type=\"text-editor.default\">\n\t\t\t\t<div class=\"elementor-widget-container\">\n\t\t\t\t\t\t\t\t\t<ul><li><p>Miembro de la Facultad Invisalign con m\u00e1s de 4.500 casos tratados con alineadores.<\/p><\/li><li><p>Diplomado, Fundaci\u00f3n Internacional Charles H. Tweed de Investigaci\u00f3n en Ortodoncia<\/p><\/li><li><p>Especialista en Medicina del Sue\u00f1o, UNC, EE.UU.<\/p><\/li><li><p>Miembro activo de diferentes sociedades cient\u00edficas: SEDO, AESOR, AAO y WFO <\/p><\/li><li><p>Fundador de <u>Asociaci\u00f3n Internacional de Odontolog\u00eda Aeroespacial<\/u> (IAAD)<\/p><\/li><li><p>Fundador y actual Presidente de la Asociaci\u00f3n Internacional Digital MARPE.<\/p><\/li><li><p>Miembro de la Federaci\u00f3n Mundial de Ortodoncistas (WFO)<\/p><\/li><li><p>Miembro de la Sociedad Espa\u00f1ola de Ortodoncia (SEDO)<\/p><\/li><li><p>Miembro de la Asociaci\u00f3n Americana de Ortodoncistas (AAO)<\/p><\/li><\/ul>\t\t\t\t\t\t\t\t<\/div>\n\t\t\t\t<\/div>\n\t\t\t\t<div class=\"elementor-element elementor-element-dd3a10e elementor-widget-divider--view-line elementor-widget elementor-widget-divider\" data-id=\"dd3a10e\" data-element_type=\"widget\" data-e-type=\"widget\" data-widget_type=\"divider.default\">\n\t\t\t\t<div class=\"elementor-widget-container\">\n\t\t\t\t\t\t\t<div class=\"elementor-divider\">\n\t\t\t<span class=\"elementor-divider-separator\">\n\t\t\t\t\t\t<\/span>\n\t\t<\/div>\n\t\t\t\t\t\t<\/div>\n\t\t\t\t<\/div>\n\t\t\t\t<div class=\"elementor-element elementor-element-a00ffd0 elementor-widget elementor-widget-heading\" data-id=\"a00ffd0\" data-element_type=\"widget\" data-e-type=\"widget\" data-widget_type=\"heading.default\">\n\t\t\t\t<div class=\"elementor-widget-container\">\n\t\t\t\t\t<h2 class=\"elementor-heading-title elementor-size-default\">Premios y distinciones<\/h2>\t\t\t\t<\/div>\n\t\t\t\t<\/div>\n\t\t\t\t<div class=\"elementor-element elementor-element-f8785d0 elementor-widget elementor-widget-text-editor\" data-id=\"f8785d0\" data-element_type=\"widget\" data-e-type=\"widget\" data-widget_type=\"text-editor.default\">\n\t\t\t\t<div class=\"elementor-widget-container\">\n\t\t\t\t\t\t\t\t\t<ul><li><p>Invisalign Top World Doctor 1% desde 2019<\/p><\/li><li><p>Reconocido por su liderazgo en organizaciones nacionales e internacionales de ortodoncia. <\/p><\/li><li><p>Ponente invitado en el principal congreso de ortodoncia del mundo<\/p><\/li><\/ul>\t\t\t\t\t\t\t\t<\/div>\n\t\t\t\t<\/div>\n\t\t\t\t<\/div>\n\t\t<div class=\"elementor-element elementor-element-e0dc577 e-con-full e-flex wpr-particle-no wpr-jarallax-no wpr-parallax-no wpr-sticky-section-no wpr-equal-height-no elementor-invisible e-con e-child\" data-id=\"e0dc577\" data-element_type=\"container\" data-e-type=\"container\" data-settings=\"{&quot;animation&quot;:&quot;zoomIn&quot;,&quot;animation_delay&quot;:200,&quot;animation_mobile&quot;:&quot;none&quot;}\">\n\t\t\t\t<div class=\"elementor-element elementor-element-8029495 elementor-widget elementor-widget-heading\" data-id=\"8029495\" data-element_type=\"widget\" data-e-type=\"widget\" data-widget_type=\"heading.default\">\n\t\t\t\t<div class=\"elementor-widget-container\">\n\t\t\t\t\t<h2 class=\"elementor-heading-title elementor-size-default\">Intereses de investigaci\u00f3n<\/h2>\t\t\t\t<\/div>\n\t\t\t\t<\/div>\n\t\t\t\t<div class=\"elementor-element elementor-element-ffa8bb6 elementor-widget elementor-widget-text-editor\" data-id=\"ffa8bb6\" data-element_type=\"widget\" data-e-type=\"widget\" data-widget_type=\"text-editor.default\">\n\t\t\t\t<div class=\"elementor-widget-container\">\n\t\t\t\t\t\t\t\t\t<ul><li><p>Expansi\u00f3n maxilar no quir\u00fargica en adultos <\/p><\/li><li><p>Cambios en las v\u00edas respiratorias y est\u00e9tica facial<\/p><\/li><li><p>Protocolos de ortodoncia digital y biomec\u00e1nica de los alineadores transparentes<\/p><\/li><\/ul>\t\t\t\t\t\t\t\t<\/div>\n\t\t\t\t<\/div>\n\t\t\t\t<div class=\"elementor-element elementor-element-2ab676a elementor-widget-divider--view-line elementor-widget elementor-widget-divider\" data-id=\"2ab676a\" data-element_type=\"widget\" data-e-type=\"widget\" data-widget_type=\"divider.default\">\n\t\t\t\t<div class=\"elementor-widget-container\">\n\t\t\t\t\t\t\t<div class=\"elementor-divider\">\n\t\t\t<span class=\"elementor-divider-separator\">\n\t\t\t\t\t\t<\/span>\n\t\t<\/div>\n\t\t\t\t\t\t<\/div>\n\t\t\t\t<\/div>\n\t\t\t\t<div class=\"elementor-element elementor-element-6de6c97 elementor-widget elementor-widget-heading\" data-id=\"6de6c97\" data-element_type=\"widget\" data-e-type=\"widget\" data-widget_type=\"heading.default\">\n\t\t\t\t<div class=\"elementor-widget-container\">\n\t\t\t\t\t<h2 class=\"elementor-heading-title elementor-size-default\">Cursos de ense\u00f1anza<\/h2>\t\t\t\t<\/div>\n\t\t\t\t<\/div>\n\t\t\t\t<div class=\"elementor-element elementor-element-58954a3 elementor-widget elementor-widget-text-editor\" data-id=\"58954a3\" data-element_type=\"widget\" data-e-type=\"widget\" data-widget_type=\"text-editor.default\">\n\t\t\t\t<div class=\"elementor-widget-container\">\n\t\t\t\t\t\t\t\t\t<ul><li><p>\"Miniimplantes: Ortodoncia y ortopedia dentofacial\" <\/p><\/li><li><p>\"Dise\u00f1o ortod\u00f3ncico de la sonrisa y mec\u00e1nica creativa\"<\/p><\/li><li><p>Protocolos digitales eficaces con alineadores para maloclusiones dentales y esquel\u00e9ticas<\/p><\/li><\/ul>\t\t\t\t\t\t\t\t<\/div>\n\t\t\t\t<\/div>\n\t\t\t\t<div class=\"elementor-element elementor-element-63c7b0a elementor-widget-divider--view-line elementor-widget elementor-widget-divider\" data-id=\"63c7b0a\" data-element_type=\"widget\" data-e-type=\"widget\" data-widget_type=\"divider.default\">\n\t\t\t\t<div class=\"elementor-widget-container\">\n\t\t\t\t\t\t\t<div class=\"elementor-divider\">\n\t\t\t<span class=\"elementor-divider-separator\">\n\t\t\t\t\t\t<\/span>\n\t\t<\/div>\n\t\t\t\t\t\t<\/div>\n\t\t\t\t<\/div>\n\t\t\t\t<div class=\"elementor-element elementor-element-fcf82ae elementor-widget elementor-widget-heading\" data-id=\"fcf82ae\" data-element_type=\"widget\" data-e-type=\"widget\" data-widget_type=\"heading.default\">\n\t\t\t\t<div class=\"elementor-widget-container\">\n\t\t\t\t\t<h2 class=\"elementor-heading-title elementor-size-default\">Publicaciones<\/h2>\t\t\t\t<\/div>\n\t\t\t\t<\/div>\n\t\t\t\t<div class=\"elementor-element elementor-element-5b40c6b elementor-widget elementor-widget-text-editor\" data-id=\"5b40c6b\" data-element_type=\"widget\" data-e-type=\"widget\" data-widget_type=\"text-editor.default\">\n\t\t\t\t<div class=\"elementor-widget-container\">\n\t\t\t\t\t\t\t\t\t<ul><li><p>M\u00faltiples art\u00edculos cient\u00edficos y cap\u00edtulos de libros en revistas revisadas por pares (PubMed) <\/p><\/li><li><p>Revisor de: Revista Coreana de Ortodoncia (KJO)<\/p><\/li><li><p>Orador mundial de Invisalign (Diamond Apex)<\/p><\/li><\/ul>\t\t\t\t\t\t\t\t<\/div>\n\t\t\t\t<\/div>\n\t\t\t\t<div class=\"elementor-element elementor-element-7e30338 elementor-widget-divider--view-line elementor-widget elementor-widget-divider\" data-id=\"7e30338\" data-element_type=\"widget\" data-e-type=\"widget\" data-widget_type=\"divider.default\">\n\t\t\t\t<div class=\"elementor-widget-container\">\n\t\t\t\t\t\t\t<div class=\"elementor-divider\">\n\t\t\t<span class=\"elementor-divider-separator\">\n\t\t\t\t\t\t<\/span>\n\t\t<\/div>\n\t\t\t\t\t\t<\/div>\n\t\t\t\t<\/div>\n\t\t\t\t<\/div>\n\t\t\t\t<\/div>\n\t\t\t\t\t<\/div>\n\t\t\t\t<\/div>\n\t\t\t\t<\/div>","protected":false},"excerpt":{"rendered":"<p>Ram\u00f3n Mompell D.M.D., MSc About Dr. Ram\u00f3n Mompell Dr. Ram\u00f3n Mompell is a prominent orthodontist and clinical leader, internationally recognized for his expertise in digital orthodontics and non-surgical maxillary expansion in adults. He serves as Medical Director of Orthodontics for a group of 40 clinics across Spain and leads Team Mompell, with practices in Madrid and Dubai. With over 4,500 cases treated using aligners, he is regarded as a reference in clear aligner therapy. Dr. Mompell is an active researcher at the University of California, Los Angeles (UCLA), where he investigates airway changes and facial aesthetics related to transverse skeletal deficiencies. He is also an invited professor at Ajou University (Korea), as well as multiple Spanish universities, and frequently lectures at international conferences. His work has been published in leading journals such as Progress in Orthodontics and AJODO, and his clinical protocols are widely adopted by practitioners worldwide. Professional Experiences Researcher at University of California Los Angeles (UCLA), Dep. of Orthodontics. Founder and current President of International Digital MARPE Association. Clinical director of &#8220;Team Mompell&#8221; with more than 40 clinics. Professor at Ajou University (AU), Seoul, Korea Professor at University of California Los Angeles (UCLA). USA. Professor at Coimbra University (UC), Portugal More than 4.500 cases treated with Invisalign. \u00a0 Contact Information Email: ortodoncia.mompell@gmail.comPhone: +34660530017Office: Calle Principe de Vergara 2LinkedIn \/ Professional Profile: @ramon.mompell Academic Qualifications Master&#8217;s Degree in Orthodontics and Craniofacial Orthopedics. Hospital Fundaci\u00f3n Jim\u00e9nez D\u00edaz. Madrid Spain. Master&#8217;s Degree in Integrated Dentistry. University Rey Juan Carlos (URJC). Madrid Spain. Master&#8217;s Degree in Oral Biology. University of California, Los Angeles (UCLA), USA Master&#8217;s Degree in Sleep Medicine at University of North Carolina (UNC), USA Certifications and Memberships Invisalign Faculty member with more than 4.500 cases treated with aligners. Diplomate, Charles H. Tweed International Foundation Orthodontic Research Specialist in Sleep Medicine, UNC, USA Active member of different scientific societies: SEDO, AESOR, AAO and WFO Founder of International Association of Aerospace Dentistry (IAAD) Founder and current President of International Digital MARPE Association. Member, World Federation of Orthodontists (WFO) Member, Orthodontic Spanish society (SEDO) Member, American Association of Orthodontists (AAO) Awards and Honors Invisalign Top World Doctor 1% since 2019 Recognized for leadership roles across national and international orthodontic organizations Invited keynote speaker to the main orthodontic conference in the world Research Interests Non-surgical maxillary expansion in adults Airway changes and facial aesthetics Digital orthodontic protocols &amp; clear-aligner biomechanics Teaching Courses \u201cMini-implants: Orthodontics &amp; Dentofacial Orthopedics\u201d \u201cOrthodontic Smile Design &amp; Creative Mechanics\u201d Efficient Digital Protocols using aligners from dental to skeletal malocclusions Publications Multiple scientific articles and book chapters in peer-reviewed journals (PubMed) Reviewer for: Korean Journal of Orthodontics (KJO) Global Invisalign Speaker (Diamond Apex)<\/p>","protected":false},"author":1,"featured_media":0,"parent":0,"menu_order":0,"comment_status":"closed","ping_status":"closed","template":"elementor_canvas","meta":{"footnotes":""},"class_list":["post-2098","page","type-page","status-publish","hentry"],"_links":{"self":[{"href":"https:\/\/im-ortho.com\/es\/wp-json\/wp\/v2\/pages\/2098","targetHints":{"allow":["GET"]}}],"collection":[{"href":"https:\/\/im-ortho.com\/es\/wp-json\/wp\/v2\/pages"}],"about":[{"href":"https:\/\/im-ortho.com\/es\/wp-json\/wp\/v2\/types\/page"}],"author":[{"embeddable":true,"href":"https:\/\/im-ortho.com\/es\/wp-json\/wp\/v2\/users\/1"}],"replies":[{"embeddable":true,"href":"https:\/\/im-ortho.com\/es\/wp-json\/wp\/v2\/comments?post=2098"}],"version-history":[{"count":7,"href":"https:\/\/im-ortho.com\/es\/wp-json\/wp\/v2\/pages\/2098\/revisions"}],"predecessor-version":[{"id":2105,"href":"https:\/\/im-ortho.com\/es\/wp-json\/wp\/v2\/pages\/2098\/revisions\/2105"}],"wp:attachment":[{"href":"https:\/\/im-ortho.com\/es\/wp-json\/wp\/v2\/media?parent=2098"}],"curies":[{"name":"wp","href":"https:\/\/api.w.org\/{rel}","templated":true}]}}