{"id":2042,"date":"2025-08-01T07:02:01","date_gmt":"2025-08-01T07:02:01","guid":{"rendered":"https:\/\/im-ortho.com\/?page_id=2042"},"modified":"2025-08-01T12:03:06","modified_gmt":"2025-08-01T12:03:06","slug":"dr-giovanni-biondi","status":"publish","type":"page","link":"https:\/\/im-ortho.com\/es\/dr-giovanni-biondi\/","title":{"rendered":"Dr. Giovanni Biondi"},"content":{"rendered":"<div data-elementor-type=\"wp-page\" data-elementor-id=\"2042\" class=\"elementor elementor-2042\">\n\t\t\t\t<div class=\"elementor-element elementor-element-d6bd010 e-flex e-con-boxed wpr-particle-no wpr-jarallax-no wpr-parallax-no wpr-sticky-section-no wpr-equal-height-no elementor-invisible e-con e-parent\" data-id=\"d6bd010\" data-element_type=\"container\" data-e-type=\"container\" data-settings=\"{&quot;background_background&quot;:&quot;classic&quot;,&quot;animation&quot;:&quot;slideInDown&quot;,&quot;animation_mobile&quot;:&quot;none&quot;}\">\n\t\t\t\t\t<div class=\"e-con-inner\">\n\t\t<div class=\"elementor-element elementor-element-cf2439a e-con-full e-flex wpr-particle-no wpr-jarallax-no wpr-parallax-no wpr-sticky-section-no wpr-equal-height-no e-con e-child\" data-id=\"cf2439a\" data-element_type=\"container\" data-e-type=\"container\">\n\t\t\t\t<div class=\"elementor-element elementor-element-c82687a elementor-widget elementor-widget-heading\" data-id=\"c82687a\" data-element_type=\"widget\" data-e-type=\"widget\" data-widget_type=\"heading.default\">\n\t\t\t\t<div class=\"elementor-widget-container\">\n\t\t\t\t\t<h2 class=\"elementor-heading-title elementor-size-default\">Dr. Giovanni Biondi<\/h2>\t\t\t\t<\/div>\n\t\t\t\t<\/div>\n\t\t\t\t<div class=\"elementor-element elementor-element-95f260f elementor-widget-divider--view-line elementor-widget elementor-widget-divider\" data-id=\"95f260f\" data-element_type=\"widget\" data-e-type=\"widget\" data-widget_type=\"divider.default\">\n\t\t\t\t<div class=\"elementor-widget-container\">\n\t\t\t\t\t\t\t<div class=\"elementor-divider\">\n\t\t\t<span class=\"elementor-divider-separator\">\n\t\t\t\t\t\t<\/span>\n\t\t<\/div>\n\t\t\t\t\t\t<\/div>\n\t\t\t\t<\/div>\n\t\t\t\t<\/div>\n\t\t\t\t\t<\/div>\n\t\t\t\t<\/div>\n\t\t<div class=\"elementor-element elementor-element-a97ae78 e-flex e-con-boxed wpr-particle-no wpr-jarallax-no wpr-parallax-no wpr-sticky-section-no wpr-equal-height-no e-con e-parent\" data-id=\"a97ae78\" data-element_type=\"container\" data-e-type=\"container\">\n\t\t\t\t\t<div class=\"e-con-inner\">\n\t\t<div class=\"elementor-element elementor-element-6efead6 e-con-full e-flex wpr-particle-no wpr-jarallax-no wpr-parallax-no wpr-sticky-section-no wpr-equal-height-no e-con e-child\" data-id=\"6efead6\" data-element_type=\"container\" data-e-type=\"container\">\n\t\t<div class=\"elementor-element elementor-element-27a071d e-con-full e-flex wpr-particle-no wpr-jarallax-no wpr-parallax-no wpr-sticky-section-no wpr-equal-height-no elementor-invisible e-con e-child\" data-id=\"27a071d\" data-element_type=\"container\" data-e-type=\"container\" data-settings=\"{&quot;animation&quot;:&quot;zoomIn&quot;,&quot;animation_mobile&quot;:&quot;none&quot;}\">\n\t\t\t\t<div class=\"elementor-element elementor-element-b2679df elementor-widget elementor-widget-heading\" data-id=\"b2679df\" data-element_type=\"widget\" data-e-type=\"widget\" data-widget_type=\"heading.default\">\n\t\t\t\t<div class=\"elementor-widget-container\">\n\t\t\t\t\t<h2 class=\"elementor-heading-title elementor-size-default\">Acerca del Dr. Giovanni Biondi<\/h2>\t\t\t\t<\/div>\n\t\t\t\t<\/div>\n\t\t\t\t<div class=\"elementor-element elementor-element-c37494a elementor-widget elementor-widget-text-editor\" data-id=\"c37494a\" data-element_type=\"widget\" data-e-type=\"widget\" data-widget_type=\"text-editor.default\">\n\t\t\t\t<div class=\"elementor-widget-container\">\n\t\t\t\t\t\t\t\t\t<p>El Dr. Giovanni Biondi es un prestigioso ortodoncista y acad\u00e9mico italiano, reconocido por su liderazgo y su contribuci\u00f3n a la formaci\u00f3n internacional en ortodoncia. Con d\u00e9cadas de experiencia, ha ocupado numerosos puestos de profesor visitante en toda Europa y ha desempe\u00f1ado un papel fundamental en la formaci\u00f3n de la pr\u00f3xima generaci\u00f3n de ortodoncistas a trav\u00e9s de su direcci\u00f3n de programas cl\u00ednicos avanzados. Su filosof\u00eda hace hincapi\u00e9 en la pr\u00e1ctica basada en la evidencia, la excelencia cl\u00ednica y la colaboraci\u00f3n global. Es Director Cl\u00ednico del Instituto de Ortodoncia G. Cozzani de La Spezia y participa activamente en m\u00faltiples consejos y sociedades internacionales de ortodoncia.<\/p>\t\t\t\t\t\t\t\t<\/div>\n\t\t\t\t<\/div>\n\t\t\t\t<div class=\"elementor-element elementor-element-bb55ad5 elementor-widget-divider--view-line elementor-widget elementor-widget-divider\" data-id=\"bb55ad5\" data-element_type=\"widget\" data-e-type=\"widget\" data-widget_type=\"divider.default\">\n\t\t\t\t<div class=\"elementor-widget-container\">\n\t\t\t\t\t\t\t<div class=\"elementor-divider\">\n\t\t\t<span class=\"elementor-divider-separator\">\n\t\t\t\t\t\t<\/span>\n\t\t<\/div>\n\t\t\t\t\t\t<\/div>\n\t\t\t\t<\/div>\n\t\t\t\t<div class=\"elementor-element elementor-element-071e28e elementor-widget elementor-widget-heading\" data-id=\"071e28e\" data-element_type=\"widget\" data-e-type=\"widget\" data-widget_type=\"heading.default\">\n\t\t\t\t<div class=\"elementor-widget-container\">\n\t\t\t\t\t<h2 class=\"elementor-heading-title elementor-size-default\">Experiencias profesionales<\/h2>\t\t\t\t<\/div>\n\t\t\t\t<\/div>\n\t\t\t\t<div class=\"elementor-element elementor-element-49db931 elementor-widget elementor-widget-text-editor\" data-id=\"49db931\" data-element_type=\"widget\" data-e-type=\"widget\" data-widget_type=\"text-editor.default\">\n\t\t\t\t<div class=\"elementor-widget-container\">\n\t\t\t\t\t\t\t\t\t<ul><li>Profesor visitante de Ortodoncia, Universidad de Padua, Italia - Desde 2024<\/li><li>Profesor visitante de Ortodoncia, Universidad de G\u00e9nova, Italia - Desde 2024<\/li><li>Director cl\u00ednico, Instituto G. Cozzani, La Spezia, Italia - Desde 2017.<\/li><li>Miembro del Consejo de Administraci\u00f3n de la Fundaci\u00f3n Internacional Tweed para la Investigaci\u00f3n y Educaci\u00f3n en Ortodoncia, Tucson, AZ, EE.UU. - 2012-2018<\/li><li>Profesor Colaborador, Master de Ortodoncia, Universidad de Oviedo, Espa\u00f1a - 2015-2020<\/li><li>Profesor visitante en ortodoncia, Universidad de Cagliari, Italia - 2016-2018<\/li><li>Director, Curso Cl\u00ednico de Ortodoncia de tres a\u00f1os, Universidad de Belgrado, Serbia - 2014-2020<\/li><li>Profesor visitante de Ortodoncia, Universidad de Ferrara, Italia - 2010-2014<\/li><li>Codirector, Curso Cl\u00ednico Trienal de Ortodoncia, Instituto G. Gaslini, G\u00e9nova, Italia - 2000-2010<\/li><\/ul>\t\t\t\t\t\t\t\t<\/div>\n\t\t\t\t<\/div>\n\t\t\t\t<\/div>\n\t\t<div class=\"elementor-element elementor-element-54fb4c4 e-con-full e-flex wpr-particle-no wpr-jarallax-no wpr-parallax-no wpr-sticky-section-no wpr-equal-height-no elementor-invisible e-con e-child\" data-id=\"54fb4c4\" data-element_type=\"container\" data-e-type=\"container\" data-settings=\"{&quot;animation&quot;:&quot;zoomIn&quot;,&quot;animation_delay&quot;:200,&quot;animation_mobile&quot;:&quot;none&quot;}\">\n\t\t\t\t<div class=\"elementor-element elementor-element-d7e597e elementor-widget elementor-widget-image\" data-id=\"d7e597e\" data-element_type=\"widget\" data-e-type=\"widget\" data-widget_type=\"image.default\">\n\t\t\t\t<div class=\"elementor-widget-container\">\n\t\t\t\t\t\t\t\t\t\t\t\t\t\t\t<img fetchpriority=\"high\" decoding=\"async\" width=\"483\" height=\"460\" src=\"https:\/\/im-ortho.com\/wp-content\/uploads\/2025\/07\/dr-Giovanni-Biondi-1.jpg\" class=\"attachment-large size-large wp-image-2023\" alt=\"\" \/>\t\t\t\t\t\t\t\t\t\t\t\t\t\t\t<\/div>\n\t\t\t\t<\/div>\n\t\t\t\t<div class=\"elementor-element elementor-element-b5c1f84 elementor-widget elementor-widget-heading\" data-id=\"b5c1f84\" data-element_type=\"widget\" data-e-type=\"widget\" data-widget_type=\"heading.default\">\n\t\t\t\t<div class=\"elementor-widget-container\">\n\t\t\t\t\t<h2 class=\"elementor-heading-title elementor-size-default\">Dr. Giovanni Biondi<\/h2>\t\t\t\t<\/div>\n\t\t\t\t<\/div>\n\t\t\t\t<div class=\"elementor-element elementor-element-bdb3c2b elementor-widget elementor-widget-text-editor\" data-id=\"bdb3c2b\" data-element_type=\"widget\" data-e-type=\"widget\" data-widget_type=\"text-editor.default\">\n\t\t\t\t<div class=\"elementor-widget-container\">\n\t\t\t\t\t\t\t\t\t<ul><li>Profesor visitante de Ortodoncia<\/li><li>Departamento de Ortodoncia y Ortopedia Dentofacial<\/li><li>Universidad de Padua y Universidad de G\u00e9nova, Italia<\/li><\/ul>\t\t\t\t\t\t\t\t<\/div>\n\t\t\t\t<\/div>\n\t\t\t\t<div class=\"elementor-element elementor-element-aa1a3fa elementor-widget-divider--view-line elementor-widget elementor-widget-divider\" data-id=\"aa1a3fa\" data-element_type=\"widget\" data-e-type=\"widget\" data-widget_type=\"divider.default\">\n\t\t\t\t<div class=\"elementor-widget-container\">\n\t\t\t\t\t\t\t<div class=\"elementor-divider\">\n\t\t\t<span class=\"elementor-divider-separator\">\n\t\t\t\t\t\t<\/span>\n\t\t<\/div>\n\t\t\t\t\t\t<\/div>\n\t\t\t\t<\/div>\n\t\t\t\t<div class=\"elementor-element elementor-element-89b5ca8 elementor-widget elementor-widget-heading\" data-id=\"89b5ca8\" data-element_type=\"widget\" data-e-type=\"widget\" data-widget_type=\"heading.default\">\n\t\t\t\t<div class=\"elementor-widget-container\">\n\t\t\t\t\t<h2 class=\"elementor-heading-title elementor-size-default\">Informaci\u00f3n de contacto<\/h2>\t\t\t\t<\/div>\n\t\t\t\t<\/div>\n\t\t\t\t<div class=\"elementor-element elementor-element-47d1ec8 elementor-widget elementor-widget-text-editor\" data-id=\"47d1ec8\" data-element_type=\"widget\" data-e-type=\"widget\" data-widget_type=\"text-editor.default\">\n\t\t\t\t<div class=\"elementor-widget-container\">\n\t\t\t\t\t\t\t\t\t<p><strong>Correo electr\u00f3nico:<\/strong> air.giove.gb@gmail.com<br \/><strong>Tel\u00e9fono:<\/strong> +39 338 144 6200<br \/><strong>Oficina:<\/strong> Instituto de Ortodoncia G. Cozzani, La Spezia, Italia<\/p>\t\t\t\t\t\t\t\t<\/div>\n\t\t\t\t<\/div>\n\t\t\t\t<div class=\"elementor-element elementor-element-f4b24bc elementor-widget-divider--view-line elementor-widget elementor-widget-divider\" data-id=\"f4b24bc\" data-element_type=\"widget\" data-e-type=\"widget\" data-widget_type=\"divider.default\">\n\t\t\t\t<div class=\"elementor-widget-container\">\n\t\t\t\t\t\t\t<div class=\"elementor-divider\">\n\t\t\t<span class=\"elementor-divider-separator\">\n\t\t\t\t\t\t<\/span>\n\t\t<\/div>\n\t\t\t\t\t\t<\/div>\n\t\t\t\t<\/div>\n\t\t\t\t<\/div>\n\t\t\t\t<\/div>\n\t\t\t\t\t<\/div>\n\t\t\t\t<\/div>\n\t\t<div class=\"elementor-element elementor-element-faf1a57 e-flex e-con-boxed wpr-particle-no wpr-jarallax-no wpr-parallax-no wpr-sticky-section-no wpr-equal-height-no e-con e-parent\" data-id=\"faf1a57\" data-element_type=\"container\" data-e-type=\"container\" data-settings=\"{&quot;background_background&quot;:&quot;classic&quot;}\">\n\t\t\t\t\t<div class=\"e-con-inner\">\n\t\t<div class=\"elementor-element elementor-element-d109004 e-con-full e-flex wpr-particle-no wpr-jarallax-no wpr-parallax-no wpr-sticky-section-no wpr-equal-height-no e-con e-child\" data-id=\"d109004\" data-element_type=\"container\" data-e-type=\"container\">\n\t\t<div class=\"elementor-element elementor-element-eb9f818 e-con-full e-flex wpr-particle-no wpr-jarallax-no wpr-parallax-no wpr-sticky-section-no wpr-equal-height-no elementor-invisible e-con e-child\" data-id=\"eb9f818\" data-element_type=\"container\" data-e-type=\"container\" data-settings=\"{&quot;animation&quot;:&quot;zoomIn&quot;,&quot;animation_mobile&quot;:&quot;none&quot;}\">\n\t\t\t\t<div class=\"elementor-element elementor-element-55089ed elementor-widget elementor-widget-heading\" data-id=\"55089ed\" data-element_type=\"widget\" data-e-type=\"widget\" data-widget_type=\"heading.default\">\n\t\t\t\t<div class=\"elementor-widget-container\">\n\t\t\t\t\t<h2 class=\"elementor-heading-title elementor-size-default\">Certificaciones y afiliaciones<\/h2>\t\t\t\t<\/div>\n\t\t\t\t<\/div>\n\t\t\t\t<div class=\"elementor-element elementor-element-ffa4a08 elementor-widget elementor-widget-text-editor\" data-id=\"ffa4a08\" data-element_type=\"widget\" data-e-type=\"widget\" data-widget_type=\"text-editor.default\">\n\t\t\t\t<div class=\"elementor-widget-container\">\n\t\t\t\t\t\t\t\t\t<ul><li>Miembro de la Fundaci\u00f3n Internacional Tweed para la Investigaci\u00f3n y Educaci\u00f3n en Ortodoncia - Desde 1996<\/li><li>Secretario General, TEos International Orthodontic Study Group - Desde 2022<\/li><li>Secretario General, ASIO (Asociaci\u00f3n Italiana de Especialistas en Ortodoncia) - 2013-2017<\/li><li>Miembro de la Junta Directiva, AIdOr - 2010-2013, 2017<\/li><li>Miembro del Consejo de Administraci\u00f3n, Director General (Coll\u00e8ge Europ\u00e9en d'Orthodontie) - 2002-2014<\/li><li>Miembro del Consejo de SIDO (Societ\u00e0 Italiana Di Ortodonzia) - 2004-2005<\/li><li>Miembro del Consejo, ASIO - 2010-2013<\/li><li>Embajador en Italia, Asociaci\u00f3n Americana de Ortodoncistas - Desde 2018<\/li><\/ul>\t\t\t\t\t\t\t\t<\/div>\n\t\t\t\t<\/div>\n\t\t\t\t<div class=\"elementor-element elementor-element-dd3a10e elementor-widget-divider--view-line elementor-widget elementor-widget-divider\" data-id=\"dd3a10e\" data-element_type=\"widget\" data-e-type=\"widget\" data-widget_type=\"divider.default\">\n\t\t\t\t<div class=\"elementor-widget-container\">\n\t\t\t\t\t\t\t<div class=\"elementor-divider\">\n\t\t\t<span class=\"elementor-divider-separator\">\n\t\t\t\t\t\t<\/span>\n\t\t<\/div>\n\t\t\t\t\t\t<\/div>\n\t\t\t\t<\/div>\n\t\t\t\t<\/div>\n\t\t<div class=\"elementor-element elementor-element-e0dc577 e-con-full e-flex wpr-particle-no wpr-jarallax-no wpr-parallax-no wpr-sticky-section-no wpr-equal-height-no elementor-invisible e-con e-child\" data-id=\"e0dc577\" data-element_type=\"container\" data-e-type=\"container\" data-settings=\"{&quot;animation&quot;:&quot;zoomIn&quot;,&quot;animation_delay&quot;:200,&quot;animation_mobile&quot;:&quot;none&quot;}\">\n\t\t\t\t<div class=\"elementor-element elementor-element-8029495 elementor-widget elementor-widget-heading\" data-id=\"8029495\" data-element_type=\"widget\" data-e-type=\"widget\" data-widget_type=\"heading.default\">\n\t\t\t\t<div class=\"elementor-widget-container\">\n\t\t\t\t\t<h2 class=\"elementor-heading-title elementor-size-default\">Intereses de investigaci\u00f3n<\/h2>\t\t\t\t<\/div>\n\t\t\t\t<\/div>\n\t\t\t\t<div class=\"elementor-element elementor-element-ffa8bb6 elementor-widget elementor-widget-text-editor\" data-id=\"ffa8bb6\" data-element_type=\"widget\" data-e-type=\"widget\" data-widget_type=\"text-editor.default\">\n\t\t\t\t<div class=\"elementor-widget-container\">\n\t\t\t\t\t\t\t\t\t<ul><li>Biomec\u00e1nica en ortodoncia<\/li><li>Formaci\u00f3n cl\u00ednica en ortodoncia<\/li><li>Enfoques ortod\u00f3ncicos interdisciplinarios<\/li><li>Planificaci\u00f3n y ejecuci\u00f3n de tratamientos de ortodoncia<\/li><li>Desarrollo de planes de estudios internacionales de ortodoncia<\/li><\/ul>\t\t\t\t\t\t\t\t<\/div>\n\t\t\t\t<\/div>\n\t\t\t\t<div class=\"elementor-element elementor-element-2ab676a elementor-widget-divider--view-line elementor-widget elementor-widget-divider\" data-id=\"2ab676a\" data-element_type=\"widget\" data-e-type=\"widget\" data-widget_type=\"divider.default\">\n\t\t\t\t<div class=\"elementor-widget-container\">\n\t\t\t\t\t\t\t<div class=\"elementor-divider\">\n\t\t\t<span class=\"elementor-divider-separator\">\n\t\t\t\t\t\t<\/span>\n\t\t<\/div>\n\t\t\t\t\t\t<\/div>\n\t\t\t\t<\/div>\n\t\t\t\t<div class=\"elementor-element elementor-element-6de6c97 elementor-widget elementor-widget-heading\" data-id=\"6de6c97\" data-element_type=\"widget\" data-e-type=\"widget\" data-widget_type=\"heading.default\">\n\t\t\t\t<div class=\"elementor-widget-container\">\n\t\t\t\t\t<h2 class=\"elementor-heading-title elementor-size-default\">Cursos de ense\u00f1anza<\/h2>\t\t\t\t<\/div>\n\t\t\t\t<\/div>\n\t\t\t\t<div class=\"elementor-element elementor-element-58954a3 elementor-widget elementor-widget-text-editor\" data-id=\"58954a3\" data-element_type=\"widget\" data-e-type=\"widget\" data-widget_type=\"text-editor.default\">\n\t\t\t\t<div class=\"elementor-widget-container\">\n\t\t\t\t\t\t\t\t\t<ul><li>Tweed International Foundation - Instructor desde 2000<\/li><li>TEos Cursos de Ortodoncia - Director desde 2003<\/li><li>Formaci\u00f3n cl\u00ednica en ortodoncia - Universidad de Belgrado, Serbia<\/li><li>Biomec\u00e1nica avanzada y gesti\u00f3n de casos - Instituto G. Cozzani<\/li><li>Programas de m\u00e1ster en colaboraci\u00f3n en universidades europeas<\/li><\/ul>\t\t\t\t\t\t\t\t<\/div>\n\t\t\t\t<\/div>\n\t\t\t\t<div class=\"elementor-element elementor-element-63c7b0a elementor-widget-divider--view-line elementor-widget elementor-widget-divider\" data-id=\"63c7b0a\" data-element_type=\"widget\" data-e-type=\"widget\" data-widget_type=\"divider.default\">\n\t\t\t\t<div class=\"elementor-widget-container\">\n\t\t\t\t\t\t\t<div class=\"elementor-divider\">\n\t\t\t<span class=\"elementor-divider-separator\">\n\t\t\t\t\t\t<\/span>\n\t\t<\/div>\n\t\t\t\t\t\t<\/div>\n\t\t\t\t<\/div>\n\t\t\t\t<div class=\"elementor-element elementor-element-5f5134f elementor-widget elementor-widget-heading\" data-id=\"5f5134f\" data-element_type=\"widget\" data-e-type=\"widget\" data-widget_type=\"heading.default\">\n\t\t\t\t<div class=\"elementor-widget-container\">\n\t\t\t\t\t<h2 class=\"elementor-heading-title elementor-size-default\">Premios y distinciones<\/h2>\t\t\t\t<\/div>\n\t\t\t\t<\/div>\n\t\t\t\t<div class=\"elementor-element elementor-element-965bbb3 elementor-widget elementor-widget-text-editor\" data-id=\"965bbb3\" data-element_type=\"widget\" data-e-type=\"widget\" data-widget_type=\"text-editor.default\">\n\t\t\t\t<div class=\"elementor-widget-container\">\n\t\t\t\t\t\t\t\t\t<ul><li>Miembro honorario de la Sociedad Serbia de Ortodoncia<\/li><li>Miembro honorario de AREO (Asociazia Romana de Excelenta in Ortodontie)<\/li><li>Ponente invitado Asociaci\u00f3n Americana de Ortodoncia<\/li><\/ul>\t\t\t\t\t\t\t\t<\/div>\n\t\t\t\t<\/div>\n\t\t\t\t<div class=\"elementor-element elementor-element-4286e00 elementor-widget-divider--view-line elementor-widget elementor-widget-divider\" data-id=\"4286e00\" data-element_type=\"widget\" data-e-type=\"widget\" data-widget_type=\"divider.default\">\n\t\t\t\t<div class=\"elementor-widget-container\">\n\t\t\t\t\t\t\t<div class=\"elementor-divider\">\n\t\t\t<span class=\"elementor-divider-separator\">\n\t\t\t\t\t\t<\/span>\n\t\t<\/div>\n\t\t\t\t\t\t<\/div>\n\t\t\t\t<\/div>\n\t\t\t\t<\/div>\n\t\t\t\t<\/div>\n\t\t\t\t\t<\/div>\n\t\t\t\t<\/div>\n\t\t\t\t<\/div>","protected":false},"excerpt":{"rendered":"<p>Dr. Giovanni Biondi About Dr. Giovanni Biondi Dr. Giovanni Biondi is an esteemed Italian orthodontist and academic, recognized for his leadership and contributions in international orthodontic education. With decades of experience, he has held numerous visiting professorships across Europe and played a pivotal role in shaping the next generation of orthodontists through his direction of advanced clinical programs. His philosophy emphasizes evidence-based practice, clinical excellence, and global collaboration. He serves as Clinical Director of the G. Cozzani Orthodontic Institute in La Spezia and is an active figure in multiple international orthodontic boards and societies. Professional Experiences Visiting Professor in Orthodontics, University of Padova, Italy \u2013 Since 2024 Visiting Professor in Orthodontics, University of Genova, Italy \u2013 Since 2024 Clinical Director, G. Cozzani Institute, La Spezia, Italy \u2013 Since 2017 Member of the Board of Directors, Tweed International Foundation for Orthodontic Research and Education, Tucson, AZ, USA \u2013 2012-2018 Professor Collaborator, Master of Orthodontics, University of Oviedo, Spain \u2013 2015\u20132020 Visiting Professor in Orthodontics, University of Cagliari, Italy \u2013 2016\u20132018 Director, Three-Year Clinical Orthodontic Course, University of Belgrade, Serbia \u2013 2014\u20132020 Visiting Professor in Orthodontics, University of Ferrara, Italy \u2013 2010\u20132014 Co-Director, Three-Year Clinical Orthodontic Course, G. Gaslini Institute, Genova, Italy \u2013 2000\u20132010 Dr. Giovanni Biondi Visiting Professor of Orthodontics Department of Orthodontics and Dentofacial Orthopedics University of Padova &amp; University of Genova, Italy Contact Information Email: air.giove.gb@gmail.comPhone: +39 338 144 6200Office: G. Cozzani Orthodontic Institute, La Spezia, Italy Certifications and Memberships Fellow, Tweed International Foundation for Orthodontic Research and Education \u2013 Since 1996 Secretary General, TEos International Orthodontic Study Group \u2013 Since 2022 Secretary General, ASIO (Italian Association of Orthodontic Specialists) \u2013 2013\u20132017 Member of the Board, AIdOr \u2013 2010\u20132013, 2017 Member of the Board, CEO (Coll\u00e8ge Europ\u00e9en d\u2019Orthodontie) \u2013 2002\u20132014 Member of the Board, SIDO (Societ\u00e0 Italiana Di Ortodonzia) \u2013 2004\u20132005 Member of the Board, ASIO \u2013 2010\u20132013 Ambassador in Italy, American Association of Orthodontists \u2013 Since 2018 Research Interests Biomechanics in orthodontics Clinical orthodontic education Interdisciplinary orthodontic approaches Orthodontic treatment planning and execution Development of international orthodontic curricula Teaching Courses Tweed International Foundation \u2013 Instructor since 2000 TEos Orthodontic Courses \u2013 Director since 2003 Clinical Orthodontic Training \u2013 University of Belgrade, Serbia Advanced Biomechanics and Case Management \u2013 G. Cozzani Institute Collaborative Master Programs in European Universities Awards and Honors Honorary Member, Serbian Society of Orthodontics Honorary Member, AREO (Asociazia Romana de Excelenta in Ortodontie) Invited speaker American Association of Orthodontics<\/p>","protected":false},"author":1,"featured_media":0,"parent":0,"menu_order":0,"comment_status":"closed","ping_status":"closed","template":"elementor_canvas","meta":{"footnotes":""},"class_list":["post-2042","page","type-page","status-publish","hentry"],"_links":{"self":[{"href":"https:\/\/im-ortho.com\/es\/wp-json\/wp\/v2\/pages\/2042","targetHints":{"allow":["GET"]}}],"collection":[{"href":"https:\/\/im-ortho.com\/es\/wp-json\/wp\/v2\/pages"}],"about":[{"href":"https:\/\/im-ortho.com\/es\/wp-json\/wp\/v2\/types\/page"}],"author":[{"embeddable":true,"href":"https:\/\/im-ortho.com\/es\/wp-json\/wp\/v2\/users\/1"}],"replies":[{"embeddable":true,"href":"https:\/\/im-ortho.com\/es\/wp-json\/wp\/v2\/comments?post=2042"}],"version-history":[{"count":37,"href":"https:\/\/im-ortho.com\/es\/wp-json\/wp\/v2\/pages\/2042\/revisions"}],"predecessor-version":[{"id":2125,"href":"https:\/\/im-ortho.com\/es\/wp-json\/wp\/v2\/pages\/2042\/revisions\/2125"}],"wp:attachment":[{"href":"https:\/\/im-ortho.com\/es\/wp-json\/wp\/v2\/media?parent=2042"}],"curies":[{"name":"wp","href":"https:\/\/api.w.org\/{rel}","templated":true}]}}