{"id":1639,"date":"2025-06-06T17:11:22","date_gmt":"2025-06-06T17:11:22","guid":{"rendered":"https:\/\/im-ortho.com\/?page_id=1639"},"modified":"2025-11-20T12:00:03","modified_gmt":"2025-11-20T12:00:03","slug":"student-resources","status":"publish","type":"page","link":"https:\/\/im-ortho.com\/es\/student-resources\/","title":{"rendered":"Recursos"},"content":{"rendered":"<div data-elementor-type=\"wp-page\" data-elementor-id=\"1639\" class=\"elementor elementor-1639\">\n\t\t\t\t<div class=\"elementor-element elementor-element-d6bd010 e-flex e-con-boxed wpr-particle-no wpr-jarallax-no wpr-parallax-no wpr-sticky-section-no wpr-equal-height-no elementor-invisible e-con e-parent\" data-id=\"d6bd010\" data-element_type=\"container\" data-e-type=\"container\" data-settings=\"{&quot;background_background&quot;:&quot;classic&quot;,&quot;animation&quot;:&quot;slideInDown&quot;,&quot;animation_mobile&quot;:&quot;none&quot;}\">\n\t\t\t\t\t<div class=\"e-con-inner\">\n\t\t<div class=\"elementor-element elementor-element-cf2439a e-con-full e-flex wpr-particle-no wpr-jarallax-no wpr-parallax-no wpr-sticky-section-no wpr-equal-height-no e-con e-child\" data-id=\"cf2439a\" data-element_type=\"container\" data-e-type=\"container\">\n\t\t\t\t<div class=\"elementor-element elementor-element-c82687a elementor-widget elementor-widget-heading\" data-id=\"c82687a\" data-element_type=\"widget\" data-e-type=\"widget\" data-widget_type=\"heading.default\">\n\t\t\t\t<div class=\"elementor-widget-container\">\n\t\t\t\t\t<h2 class=\"elementor-heading-title elementor-size-default\">Recursos<\/h2>\t\t\t\t<\/div>\n\t\t\t\t<\/div>\n\t\t\t\t<div class=\"elementor-element elementor-element-95f260f elementor-widget-divider--view-line elementor-widget elementor-widget-divider\" data-id=\"95f260f\" data-element_type=\"widget\" data-e-type=\"widget\" data-widget_type=\"divider.default\">\n\t\t\t\t<div class=\"elementor-widget-container\">\n\t\t\t\t\t\t\t<div class=\"elementor-divider\">\n\t\t\t<span class=\"elementor-divider-separator\">\n\t\t\t\t\t\t<\/span>\n\t\t<\/div>\n\t\t\t\t\t\t<\/div>\n\t\t\t\t<\/div>\n\t\t\t\t<\/div>\n\t\t\t\t\t<\/div>\n\t\t\t\t<\/div>\n\t\t<div class=\"elementor-element elementor-element-fa08f60 e-flex e-con-boxed wpr-particle-no wpr-jarallax-no wpr-parallax-no wpr-sticky-section-no wpr-equal-height-no e-con e-parent\" data-id=\"fa08f60\" data-element_type=\"container\" data-e-type=\"container\">\n\t\t\t\t\t<div class=\"e-con-inner\">\n\t\t<div class=\"elementor-element elementor-element-e428364 e-con-full e-flex wpr-particle-no wpr-jarallax-no wpr-parallax-no wpr-sticky-section-no wpr-equal-height-no elementor-invisible e-con e-child\" data-id=\"e428364\" data-element_type=\"container\" data-e-type=\"container\" data-settings=\"{&quot;animation&quot;:&quot;zoomIn&quot;,&quot;animation_mobile&quot;:&quot;none&quot;}\">\n\t\t\t\t<div class=\"elementor-element elementor-element-038e67a elementor-widget elementor-widget-heading\" data-id=\"038e67a\" data-element_type=\"widget\" data-e-type=\"widget\" data-widget_type=\"heading.default\">\n\t\t\t\t<div class=\"elementor-widget-container\">\n\t\t\t\t\t<h2 class=\"elementor-heading-title elementor-size-default\">Calendario acad\u00e9mico<\/h2>\t\t\t\t<\/div>\n\t\t\t\t<\/div>\n\t\t\t\t<div class=\"elementor-element elementor-element-4b9daa1 elementor-widget elementor-widget-text-editor\" data-id=\"4b9daa1\" data-element_type=\"widget\" data-e-type=\"widget\" data-widget_type=\"text-editor.default\">\n\t\t\t\t<div class=\"elementor-widget-container\">\n\t\t\t\t\t\t\t\t\t<p>El a\u00f1o acad\u00e9mico comienza en octubre y sigue un programa estructurado de m\u00f3dulos te\u00f3ricos, talleres y formaci\u00f3n cl\u00ednica.<\/p>\t\t\t\t\t\t\t\t<\/div>\n\t\t\t\t<\/div>\n\t\t\t\t<div class=\"elementor-element elementor-element-0a4a277 wpr-button-icon-position-left wpr-button-icon-style-inline elementor-widget elementor-widget-wpr-button\" data-id=\"0a4a277\" data-element_type=\"widget\" data-e-type=\"widget\" data-widget_type=\"wpr-button.default\">\n\t\t\t\t<div class=\"elementor-widget-container\">\n\t\t\t\t\t\t\n\t\t\t\n\t\t\n\t\t<div class=\"wpr-button-wrap elementor-clearfix\">\n\t\t<a class=\"wpr-button wpr-button-effect elementor-animation-grow\" data-text=\"\" href=\"#\">\n\t\t\t\n\t\t\t<span class=\"wpr-button-content\">\n\t\t\t\t\t\t\t\t\t<span class=\"wpr-button-text\">Descargar calendario <\/span>\n\t\t\t\t\t\t\t\t\n\t\t\t\t\t\t\t\t\t<span class=\"wpr-button-icon\"><i class=\"fas fa-download\"><\/i><\/span>\n\t\t\t\t\t\t\t<\/span>\n\t\t<\/a>\n\n\t\t\t\t<\/div>\n\t\n\t\n\t\t\t\t\t<\/div>\n\t\t\t\t<\/div>\n\t\t\t\t<div class=\"elementor-element elementor-element-ac75ba7 elementor-widget elementor-widget-heading\" data-id=\"ac75ba7\" data-element_type=\"widget\" data-e-type=\"widget\" data-widget_type=\"heading.default\">\n\t\t\t\t<div class=\"elementor-widget-container\">\n\t\t\t\t\t<h2 class=\"elementor-heading-title elementor-size-default\">Manual del estudiante<\/h2>\t\t\t\t<\/div>\n\t\t\t\t<\/div>\n\t\t\t\t<div class=\"elementor-element elementor-element-22b4ced elementor-widget elementor-widget-text-editor\" data-id=\"22b4ced\" data-element_type=\"widget\" data-e-type=\"widget\" data-widget_type=\"text-editor.default\">\n\t\t\t\t<div class=\"elementor-widget-container\">\n\t\t\t\t\t\t\t\t\t<p>Incluye pol\u00edticas acad\u00e9micas, protocolos cl\u00ednicos, normas \u00e9ticas e informaci\u00f3n pr\u00e1ctica para el d\u00eda a d\u00eda durante sus estudios.<\/p>\t\t\t\t\t\t\t\t<\/div>\n\t\t\t\t<\/div>\n\t\t\t\t<div class=\"elementor-element elementor-element-8790ff6 wpr-button-icon-position-left wpr-button-icon-style-inline elementor-widget elementor-widget-wpr-button\" data-id=\"8790ff6\" data-element_type=\"widget\" data-e-type=\"widget\" data-widget_type=\"wpr-button.default\">\n\t\t\t\t<div class=\"elementor-widget-container\">\n\t\t\t\t\t\t\n\t\t\t\n\t\t\n\t\t<div class=\"wpr-button-wrap elementor-clearfix\">\n\t\t<a class=\"wpr-button wpr-button-effect elementor-animation-grow\" data-text=\"\" href=\"#\">\n\t\t\t\n\t\t\t<span class=\"wpr-button-content\">\n\t\t\t\t\t\t\t\t\t<span class=\"wpr-button-text\">Descargar el Manual del estudiante <\/span>\n\t\t\t\t\t\t\t\t\n\t\t\t\t\t\t\t\t\t<span class=\"wpr-button-icon\"><i class=\"fas fa-download\"><\/i><\/span>\n\t\t\t\t\t\t\t<\/span>\n\t\t<\/a>\n\n\t\t\t\t<\/div>\n\t\n\t\n\t\t\t\t\t<\/div>\n\t\t\t\t<\/div>\n\t\t\t\t<\/div>\n\t\t<div class=\"elementor-element elementor-element-1124159 e-con-full e-flex wpr-particle-no wpr-jarallax-no wpr-parallax-no wpr-sticky-section-no wpr-equal-height-no elementor-invisible e-con e-child\" data-id=\"1124159\" data-element_type=\"container\" data-e-type=\"container\" data-settings=\"{&quot;animation&quot;:&quot;zoomIn&quot;,&quot;animation_delay&quot;:200,&quot;animation_mobile&quot;:&quot;none&quot;}\">\n\t\t\t\t<div class=\"elementor-element elementor-element-5e5015d elementor-widget elementor-widget-heading\" data-id=\"5e5015d\" data-element_type=\"widget\" data-e-type=\"widget\" data-widget_type=\"heading.default\">\n\t\t\t\t<div class=\"elementor-widget-container\">\n\t\t\t\t\t<h2 class=\"elementor-heading-title elementor-size-default\">Recursos cl\u00ednicos<\/h2>\t\t\t\t<\/div>\n\t\t\t\t<\/div>\n\t\t\t\t<div class=\"elementor-element elementor-element-1d0da6a elementor-widget elementor-widget-text-editor\" data-id=\"1d0da6a\" data-element_type=\"widget\" data-e-type=\"widget\" data-widget_type=\"text-editor.default\">\n\t\t\t\t<div class=\"elementor-widget-container\">\n\t\t\t\t\t\t\t\t\t<p>Se proporcionan instalaciones y equipos de \u00faltima generaci\u00f3n para apoyar la atenci\u00f3n al paciente y el aprendizaje de los estudiantes. Cada estudiante recibe orientaci\u00f3n pr\u00e1ctica de supervisores cl\u00ednicos capacitados y acceso a protocolos de tratamiento estructurados.<\/p>\t\t\t\t\t\t\t\t<\/div>\n\t\t\t\t<\/div>\n\t\t\t\t<div class=\"elementor-element elementor-element-abf955e elementor-widget elementor-widget-heading\" data-id=\"abf955e\" data-element_type=\"widget\" data-e-type=\"widget\" data-widget_type=\"heading.default\">\n\t\t\t\t<div class=\"elementor-widget-container\">\n\t\t\t\t\t<h2 class=\"elementor-heading-title elementor-size-default\">Servicios de tutor\u00eda y apoyo<\/h2>\t\t\t\t<\/div>\n\t\t\t\t<\/div>\n\t\t\t\t<div class=\"elementor-element elementor-element-85fc0d4 elementor-widget elementor-widget-text-editor\" data-id=\"85fc0d4\" data-element_type=\"widget\" data-e-type=\"widget\" data-widget_type=\"text-editor.default\">\n\t\t\t\t<div class=\"elementor-widget-container\">\n\t\t\t\t\t\t\t\t\t<p>Los estudiantes se benefician de:<\/p><ul><li>Tutor\u00edas semanales con supervisores cl\u00ednicos<\/li><li>Sesiones de feedback y evaluaci\u00f3n<\/li><li>Tutor\u00eda acad\u00e9mica y orientaci\u00f3n profesional<\/li><li>Asistencia a los estudiantes con dificultades durante la formaci\u00f3n.<\/li><\/ul>\t\t\t\t\t\t\t\t<\/div>\n\t\t\t\t<\/div>\n\t\t\t\t<\/div>\n\t\t\t\t\t<\/div>\n\t\t\t\t<\/div>\n\t\t\t\t<\/div>","protected":false},"excerpt":{"rendered":"<p>Student Resources Academic Calendar The academic year begins in October and follows a structured schedule of theoretical modules, workshops, and clinical trainings. Download Calendar Student Handbook Includes academic policies, clinical protocols, ethical standards, and practical information for day-to-day life during your studies. Download Student Handbook Clinical Resources State-of-the-art facilities and equipment are provided to support patient care and student learning. Each student receives hands-on guidance from trained clinical supervisors and access to structured treatment protocols. Tutoring and Support Services Students benefit from: Weekly tutorials with clinical supervisors Feedback and assessment sessions Academic mentorship and career guidance Assistance for students facing difficulties during training.<\/p>","protected":false},"author":1,"featured_media":0,"parent":0,"menu_order":0,"comment_status":"closed","ping_status":"closed","template":"elementor_canvas","meta":{"footnotes":""},"class_list":["post-1639","page","type-page","status-publish","hentry"],"_links":{"self":[{"href":"https:\/\/im-ortho.com\/es\/wp-json\/wp\/v2\/pages\/1639","targetHints":{"allow":["GET"]}}],"collection":[{"href":"https:\/\/im-ortho.com\/es\/wp-json\/wp\/v2\/pages"}],"about":[{"href":"https:\/\/im-ortho.com\/es\/wp-json\/wp\/v2\/types\/page"}],"author":[{"embeddable":true,"href":"https:\/\/im-ortho.com\/es\/wp-json\/wp\/v2\/users\/1"}],"replies":[{"embeddable":true,"href":"https:\/\/im-ortho.com\/es\/wp-json\/wp\/v2\/comments?post=1639"}],"version-history":[{"count":22,"href":"https:\/\/im-ortho.com\/es\/wp-json\/wp\/v2\/pages\/1639\/revisions"}],"predecessor-version":[{"id":2389,"href":"https:\/\/im-ortho.com\/es\/wp-json\/wp\/v2\/pages\/1639\/revisions\/2389"}],"wp:attachment":[{"href":"https:\/\/im-ortho.com\/es\/wp-json\/wp\/v2\/media?parent=1639"}],"curies":[{"name":"wp","href":"https:\/\/api.w.org\/{rel}","templated":true}]}}