{"id":1566,"date":"2025-06-06T11:57:12","date_gmt":"2025-06-06T11:57:12","guid":{"rendered":"https:\/\/im-ortho.com\/?page_id=1566"},"modified":"2025-06-07T14:12:59","modified_gmt":"2025-06-07T14:12:59","slug":"about-us","status":"publish","type":"page","link":"https:\/\/im-ortho.com\/es\/about-us\/","title":{"rendered":"Sobre nosotros"},"content":{"rendered":"<div data-elementor-type=\"wp-page\" data-elementor-id=\"1566\" class=\"elementor elementor-1566\">\n\t\t\t\t<div class=\"elementor-element elementor-element-d6bd010 e-flex e-con-boxed wpr-particle-no wpr-jarallax-no wpr-parallax-no wpr-sticky-section-no wpr-equal-height-no elementor-invisible e-con e-parent\" data-id=\"d6bd010\" data-element_type=\"container\" data-e-type=\"container\" data-settings=\"{&quot;background_background&quot;:&quot;classic&quot;,&quot;animation&quot;:&quot;slideInDown&quot;,&quot;animation_mobile&quot;:&quot;none&quot;}\">\n\t\t\t\t\t<div class=\"e-con-inner\">\n\t\t<div class=\"elementor-element elementor-element-cf2439a e-con-full e-flex wpr-particle-no wpr-jarallax-no wpr-parallax-no wpr-sticky-section-no wpr-equal-height-no e-con e-child\" data-id=\"cf2439a\" data-element_type=\"container\" data-e-type=\"container\">\n\t\t\t\t<div class=\"elementor-element elementor-element-c82687a elementor-widget elementor-widget-heading\" data-id=\"c82687a\" data-element_type=\"widget\" data-e-type=\"widget\" data-widget_type=\"heading.default\">\n\t\t\t\t<div class=\"elementor-widget-container\">\n\t\t\t\t\t<h2 class=\"elementor-heading-title elementor-size-default\">Sobre nosotros<\/h2>\t\t\t\t<\/div>\n\t\t\t\t<\/div>\n\t\t\t\t<div class=\"elementor-element elementor-element-95f260f elementor-widget-divider--view-line elementor-widget elementor-widget-divider\" data-id=\"95f260f\" data-element_type=\"widget\" data-e-type=\"widget\" data-widget_type=\"divider.default\">\n\t\t\t\t<div class=\"elementor-widget-container\">\n\t\t\t\t\t\t\t<div class=\"elementor-divider\">\n\t\t\t<span class=\"elementor-divider-separator\">\n\t\t\t\t\t\t<\/span>\n\t\t<\/div>\n\t\t\t\t\t\t<\/div>\n\t\t\t\t<\/div>\n\t\t\t\t<\/div>\n\t\t\t\t\t<\/div>\n\t\t\t\t<\/div>\n\t\t<div class=\"elementor-element elementor-element-fa08f60 e-flex e-con-boxed wpr-particle-no wpr-jarallax-no wpr-parallax-no wpr-sticky-section-no wpr-equal-height-no e-con e-parent\" data-id=\"fa08f60\" data-element_type=\"container\" data-e-type=\"container\">\n\t\t\t\t\t<div class=\"e-con-inner\">\n\t\t<div class=\"elementor-element elementor-element-e428364 e-con-full e-flex wpr-particle-no wpr-jarallax-no wpr-parallax-no wpr-sticky-section-no wpr-equal-height-no elementor-invisible e-con e-child\" data-id=\"e428364\" data-element_type=\"container\" data-e-type=\"container\" data-settings=\"{&quot;animation&quot;:&quot;zoomIn&quot;,&quot;animation_mobile&quot;:&quot;none&quot;}\">\n\t\t\t\t<div class=\"elementor-element elementor-element-038e67a elementor-widget elementor-widget-heading\" data-id=\"038e67a\" data-element_type=\"widget\" data-e-type=\"widget\" data-widget_type=\"heading.default\">\n\t\t\t\t<div class=\"elementor-widget-container\">\n\t\t\t\t\t<h2 class=\"elementor-heading-title elementor-size-default\">Misi\u00f3n<\/h2>\t\t\t\t<\/div>\n\t\t\t\t<\/div>\n\t\t\t\t<div class=\"elementor-element elementor-element-4b9daa1 elementor-widget elementor-widget-text-editor\" data-id=\"4b9daa1\" data-element_type=\"widget\" data-e-type=\"widget\" data-widget_type=\"text-editor.default\">\n\t\t\t\t<div class=\"elementor-widget-container\">\n\t\t\t\t\t\t\t\t\t<p>Proporcionar una formaci\u00f3n avanzada en ortodoncia que integre la excelencia cl\u00ednica con la tecnolog\u00eda digital m\u00e1s avanzada, fomentando una comunidad global de ortodoncistas cualificados comprometidos con elevar los est\u00e1ndares de atenci\u00f3n al paciente en todo el mundo.<\/p>\t\t\t\t\t\t\t\t<\/div>\n\t\t\t\t<\/div>\n\t\t\t\t<\/div>\n\t\t<div class=\"elementor-element elementor-element-f25bcd4 e-con-full e-flex wpr-particle-no wpr-jarallax-no wpr-parallax-no wpr-sticky-section-no wpr-equal-height-no elementor-invisible e-con e-child\" data-id=\"f25bcd4\" data-element_type=\"container\" data-e-type=\"container\" data-settings=\"{&quot;animation&quot;:&quot;zoomIn&quot;,&quot;animation_mobile&quot;:&quot;none&quot;}\">\n\t\t\t\t<div class=\"elementor-element elementor-element-9a508d0 elementor-widget elementor-widget-heading\" data-id=\"9a508d0\" data-element_type=\"widget\" data-e-type=\"widget\" data-widget_type=\"heading.default\">\n\t\t\t\t<div class=\"elementor-widget-container\">\n\t\t\t\t\t<h2 class=\"elementor-heading-title elementor-size-default\">Visi\u00f3n<\/h2>\t\t\t\t<\/div>\n\t\t\t\t<\/div>\n\t\t\t\t<div class=\"elementor-element elementor-element-9d095fe elementor-widget elementor-widget-text-editor\" data-id=\"9d095fe\" data-element_type=\"widget\" data-e-type=\"widget\" data-widget_type=\"text-editor.default\">\n\t\t\t\t<div class=\"elementor-widget-container\">\n\t\t\t\t\t\t\t\t\t<p>Convertirse en una instituci\u00f3n internacional l\u00edder en formaci\u00f3n ortod\u00f3ncica, reconocida por formar expertos en ortodoncia tradicional y digital, al tiempo que promueve el aprendizaje permanente y una pr\u00e1ctica impactante.<\/p>\t\t\t\t\t\t\t\t<\/div>\n\t\t\t\t<\/div>\n\t\t\t\t<\/div>\n\t\t\t\t\t<\/div>\n\t\t\t\t<\/div>\n\t\t<div class=\"elementor-element elementor-element-ca56f8f e-flex e-con-boxed wpr-particle-no wpr-jarallax-no wpr-parallax-no wpr-sticky-section-no wpr-equal-height-no e-con e-parent\" data-id=\"ca56f8f\" data-element_type=\"container\" data-e-type=\"container\" data-settings=\"{&quot;background_background&quot;:&quot;classic&quot;}\">\n\t\t\t\t\t<div class=\"e-con-inner\">\n\t\t<div class=\"elementor-element elementor-element-4bcebd4 e-con-full e-flex wpr-particle-no wpr-jarallax-no wpr-parallax-no wpr-sticky-section-no wpr-equal-height-no elementor-invisible e-con e-child\" data-id=\"4bcebd4\" data-element_type=\"container\" data-e-type=\"container\" data-settings=\"{&quot;animation&quot;:&quot;zoomIn&quot;,&quot;animation_mobile&quot;:&quot;none&quot;}\">\n\t\t\t\t<div class=\"elementor-element elementor-element-519f8f0 elementor-widget elementor-widget-heading\" data-id=\"519f8f0\" data-element_type=\"widget\" data-e-type=\"widget\" data-widget_type=\"heading.default\">\n\t\t\t\t<div class=\"elementor-widget-container\">\n\t\t\t\t\t<h2 class=\"elementor-heading-title elementor-size-default\">Valores fundamentales<\/h2>\t\t\t\t<\/div>\n\t\t\t\t<\/div>\n\t\t\t\t<div class=\"elementor-element elementor-element-e1a211f elementor-widget elementor-widget-text-editor\" data-id=\"e1a211f\" data-element_type=\"widget\" data-e-type=\"widget\" data-widget_type=\"text-editor.default\">\n\t\t\t\t<div class=\"elementor-widget-container\">\n\t\t\t\t\t\t\t\t\t<ul><li><strong>Excelencia:<\/strong> Mantener los m\u00e1s altos niveles de formaci\u00f3n acad\u00e9mica y cl\u00ednica.<\/li><li><strong>Innovaci\u00f3n:<\/strong> Integraci\u00f3n de las modernas t\u00e9cnicas digitales de ortodoncia en el aprendizaje integral.<\/li><li><strong>Integridad:<\/strong> Comprometerse con una pr\u00e1ctica \u00e9tica y unos procesos acad\u00e9micos transparentes.<\/li><li><strong>Comunidad mundial:<\/strong> Conectar a los profesionales de la ortodoncia de todo el mundo a trav\u00e9s de experiencias de aprendizaje compartidas.<\/li><li><strong>Aprendizaje permanente:<\/strong> Fomentar el desarrollo profesional continuo y la formaci\u00f3n avanzada.<\/li><\/ul>\t\t\t\t\t\t\t\t<\/div>\n\t\t\t\t<\/div>\n\t\t\t\t<\/div>\n\t\t\t\t\t<\/div>\n\t\t\t\t<\/div>\n\t\t\t\t<\/div>","protected":false},"excerpt":{"rendered":"<p>About us Mission To provide advanced orthodontic education that integrates clinical excellence with cutting-edge digital technology, fostering a global community of skilled orthodontists committed to elevating patient care standards worldwide. Vision To become a leading international institution for orthodontic education, renowned for producing experts in both traditional and digital orthodontics, while promoting lifelong learning and impactful practice. Core Values Excellence: Upholding the highest standards of academic and clinical training. Innovation: Integrating modern digital orthodontic techniques into comprehensive learning. Integrity: Committing to ethical practice and transparent academic processes. Global Community: Connecting orthodontic professionals worldwide through shared learning experiences. Lifelong Learning: Encouraging continuous professional development and advanced education.<\/p>","protected":false},"author":1,"featured_media":0,"parent":0,"menu_order":0,"comment_status":"closed","ping_status":"closed","template":"elementor_canvas","meta":{"footnotes":""},"class_list":["post-1566","page","type-page","status-publish","hentry"],"_links":{"self":[{"href":"https:\/\/im-ortho.com\/es\/wp-json\/wp\/v2\/pages\/1566","targetHints":{"allow":["GET"]}}],"collection":[{"href":"https:\/\/im-ortho.com\/es\/wp-json\/wp\/v2\/pages"}],"about":[{"href":"https:\/\/im-ortho.com\/es\/wp-json\/wp\/v2\/types\/page"}],"author":[{"embeddable":true,"href":"https:\/\/im-ortho.com\/es\/wp-json\/wp\/v2\/users\/1"}],"replies":[{"embeddable":true,"href":"https:\/\/im-ortho.com\/es\/wp-json\/wp\/v2\/comments?post=1566"}],"version-history":[{"count":49,"href":"https:\/\/im-ortho.com\/es\/wp-json\/wp\/v2\/pages\/1566\/revisions"}],"predecessor-version":[{"id":1760,"href":"https:\/\/im-ortho.com\/es\/wp-json\/wp\/v2\/pages\/1566\/revisions\/1760"}],"wp:attachment":[{"href":"https:\/\/im-ortho.com\/es\/wp-json\/wp\/v2\/media?parent=1566"}],"curies":[{"name":"wp","href":"https:\/\/api.w.org\/{rel}","templated":true}]}}