{"id":1539,"date":"2025-06-06T11:22:14","date_gmt":"2025-06-06T11:22:14","guid":{"rendered":"https:\/\/im-ortho.com\/?page_id=1539"},"modified":"2025-11-20T12:03:08","modified_gmt":"2025-11-20T12:03:08","slug":"admissions","status":"publish","type":"page","link":"https:\/\/im-ortho.com\/es\/admissions\/","title":{"rendered":"Admisiones"},"content":{"rendered":"<div data-elementor-type=\"wp-page\" data-elementor-id=\"1539\" class=\"elementor elementor-1539\">\n\t\t\t\t<div class=\"elementor-element elementor-element-d6bd010 e-flex e-con-boxed wpr-particle-no wpr-jarallax-no wpr-parallax-no wpr-sticky-section-no wpr-equal-height-no elementor-invisible e-con e-parent\" data-id=\"d6bd010\" data-element_type=\"container\" data-e-type=\"container\" data-settings=\"{&quot;background_background&quot;:&quot;classic&quot;,&quot;animation&quot;:&quot;slideInDown&quot;,&quot;animation_mobile&quot;:&quot;none&quot;}\">\n\t\t\t\t\t<div class=\"e-con-inner\">\n\t\t<div class=\"elementor-element elementor-element-cf2439a e-con-full e-flex wpr-particle-no wpr-jarallax-no wpr-parallax-no wpr-sticky-section-no wpr-equal-height-no e-con e-child\" data-id=\"cf2439a\" data-element_type=\"container\" data-e-type=\"container\">\n\t\t\t\t<div class=\"elementor-element elementor-element-c82687a elementor-widget elementor-widget-heading\" data-id=\"c82687a\" data-element_type=\"widget\" data-e-type=\"widget\" data-widget_type=\"heading.default\">\n\t\t\t\t<div class=\"elementor-widget-container\">\n\t\t\t\t\t<h2 class=\"elementor-heading-title elementor-size-default\">Admisi\u00f3n<\/h2>\t\t\t\t<\/div>\n\t\t\t\t<\/div>\n\t\t\t\t<div class=\"elementor-element elementor-element-95f260f elementor-widget-divider--view-line elementor-widget elementor-widget-divider\" data-id=\"95f260f\" data-element_type=\"widget\" data-e-type=\"widget\" data-widget_type=\"divider.default\">\n\t\t\t\t<div class=\"elementor-widget-container\">\n\t\t\t\t\t\t\t<div class=\"elementor-divider\">\n\t\t\t<span class=\"elementor-divider-separator\">\n\t\t\t\t\t\t<\/span>\n\t\t<\/div>\n\t\t\t\t\t\t<\/div>\n\t\t\t\t<\/div>\n\t\t\t\t<\/div>\n\t\t\t\t\t<\/div>\n\t\t\t\t<\/div>\n\t\t<div class=\"elementor-element elementor-element-fa08f60 e-flex e-con-boxed wpr-particle-no wpr-jarallax-no wpr-parallax-no wpr-sticky-section-no wpr-equal-height-no e-con e-parent\" data-id=\"fa08f60\" data-element_type=\"container\" data-e-type=\"container\">\n\t\t\t\t\t<div class=\"e-con-inner\">\n\t\t<div class=\"elementor-element elementor-element-e428364 e-con-full e-flex wpr-particle-no wpr-jarallax-no wpr-parallax-no wpr-sticky-section-no wpr-equal-height-no elementor-invisible e-con e-child\" data-id=\"e428364\" data-element_type=\"container\" data-e-type=\"container\" data-settings=\"{&quot;animation&quot;:&quot;zoomIn&quot;,&quot;animation_mobile&quot;:&quot;none&quot;}\">\n\t\t\t\t<div class=\"elementor-element elementor-element-038e67a elementor-widget elementor-widget-heading\" data-id=\"038e67a\" data-element_type=\"widget\" data-e-type=\"widget\" data-widget_type=\"heading.default\">\n\t\t\t\t<div class=\"elementor-widget-container\">\n\t\t\t\t\t<h2 class=\"elementor-heading-title elementor-size-default\">Criterios de admisibilidad<\/h2>\t\t\t\t<\/div>\n\t\t\t\t<\/div>\n\t\t\t\t<div class=\"elementor-element elementor-element-4b9daa1 elementor-widget elementor-widget-text-editor\" data-id=\"4b9daa1\" data-element_type=\"widget\" data-e-type=\"widget\" data-widget_type=\"text-editor.default\">\n\t\t\t\t<div class=\"elementor-widget-container\">\n\t\t\t\t\t\t\t\t\t<ul><li>T\u00edtulo de D.M.D.\/D.D.S. o su equivalente reconocido.<\/li><li>Dominio del ingl\u00e9s.<\/li><\/ul>\t\t\t\t\t\t\t\t<\/div>\n\t\t\t\t<\/div>\n\t\t\t\t<div class=\"elementor-element elementor-element-ac75ba7 elementor-widget elementor-widget-heading\" data-id=\"ac75ba7\" data-element_type=\"widget\" data-e-type=\"widget\" data-widget_type=\"heading.default\">\n\t\t\t\t<div class=\"elementor-widget-container\">\n\t\t\t\t\t<h2 class=\"elementor-heading-title elementor-size-default\">C\u00f3mo solicitarlo<\/h2>\t\t\t\t<\/div>\n\t\t\t\t<\/div>\n\t\t\t\t<div class=\"elementor-element elementor-element-22b4ced elementor-widget elementor-widget-text-editor\" data-id=\"22b4ced\" data-element_type=\"widget\" data-e-type=\"widget\" data-widget_type=\"text-editor.default\">\n\t\t\t\t<div class=\"elementor-widget-container\">\n\t\t\t\t\t\t\t\t\t<ul><li>Las solicitudes deben presentarse a trav\u00e9s de nuestro portal en l\u00ednea: <a href=\"https:\/\/im-ortho.com\/index.php\/resident-application-form\" rel=\"noopener\">Solicitar ahora<\/a><\/li><li>Contacto: <a href=\"mailto:info@im-ortho.com\">info@im-ortho.com<\/a><\/li><\/ul>\t\t\t\t\t\t\t\t<\/div>\n\t\t\t\t<\/div>\n\t\t\t\t<div class=\"elementor-element elementor-element-3a86088 elementor-widget elementor-widget-heading\" data-id=\"3a86088\" data-element_type=\"widget\" data-e-type=\"widget\" data-widget_type=\"heading.default\">\n\t\t\t\t<div class=\"elementor-widget-container\">\n\t\t\t\t\t<h2 class=\"elementor-heading-title elementor-size-default\">Matr\u00edcula e informaci\u00f3n financiera<\/h2>\t\t\t\t<\/div>\n\t\t\t\t<\/div>\n\t\t\t\t<div class=\"elementor-element elementor-element-f3f3eb7 elementor-widget elementor-widget-text-editor\" data-id=\"f3f3eb7\" data-element_type=\"widget\" data-e-type=\"widget\" data-widget_type=\"text-editor.default\">\n\t\t\t\t<div class=\"elementor-widget-container\">\n\t\t\t\t\t\t\t\t\t<ul><li><strong>Tasas de matr\u00edcula:<\/strong><ul><li>1er a\u00f1o: 15.000 euros<\/li><li>2\u00ba a\u00f1o: 15.000 euros<\/li><li>3er a\u00f1o: 19.000 euros<\/li><\/ul><\/li><\/ul><p>\u00a0<\/p><ul><li><strong>Calendario de pagos:<\/strong> Dos plazos iguales pagaderos al principio de cada semestre.<\/li><\/ul><p>\u00a0<\/p><ul><li><strong>Notas:<\/strong><ul><li>Las tasas acad\u00e9micas s\u00ed <strong>no incluye alojamiento ni gastos de viaje<\/strong>.<\/li><li>El incumplimiento de los plazos de pago dar\u00e1 lugar a la <strong>p\u00e9rdida de derechos de inscripci\u00f3n<\/strong>.<\/li><\/ul><\/li><\/ul>\t\t\t\t\t\t\t\t<\/div>\n\t\t\t\t<\/div>\n\t\t\t\t<\/div>\n\t\t<div class=\"elementor-element elementor-element-1124159 e-con-full e-flex wpr-particle-no wpr-jarallax-no wpr-parallax-no wpr-sticky-section-no wpr-equal-height-no elementor-invisible e-con e-child\" data-id=\"1124159\" data-element_type=\"container\" data-e-type=\"container\" data-settings=\"{&quot;animation&quot;:&quot;zoomIn&quot;,&quot;animation_delay&quot;:200,&quot;animation_mobile&quot;:&quot;none&quot;}\">\n\t\t\t\t<div class=\"elementor-element elementor-element-5e5015d elementor-widget elementor-widget-heading\" data-id=\"5e5015d\" data-element_type=\"widget\" data-e-type=\"widget\" data-widget_type=\"heading.default\">\n\t\t\t\t<div class=\"elementor-widget-container\">\n\t\t\t\t\t<h2 class=\"elementor-heading-title elementor-size-default\">Plazos clave<\/h2>\t\t\t\t<\/div>\n\t\t\t\t<\/div>\n\t\t\t\t<div class=\"elementor-element elementor-element-1d0da6a elementor-widget elementor-widget-text-editor\" data-id=\"1d0da6a\" data-element_type=\"widget\" data-e-type=\"widget\" data-widget_type=\"text-editor.default\">\n\t\t\t\t<div class=\"elementor-widget-container\">\n\t\t\t\t\t\t\t\t\t<ul><li><strong>Solicitudes abiertas:<\/strong> Octubre de 2025<\/li><li><strong>Cierre de solicitudes:<\/strong> Marzo de 2026<\/li><li><strong>Inicio del programa:<\/strong> Abril de 2026<\/li><\/ul>\t\t\t\t\t\t\t\t<\/div>\n\t\t\t\t<\/div>\n\t\t\t\t<div class=\"elementor-element elementor-element-abf955e elementor-widget elementor-widget-heading\" data-id=\"abf955e\" data-element_type=\"widget\" data-e-type=\"widget\" data-widget_type=\"heading.default\">\n\t\t\t\t<div class=\"elementor-widget-container\">\n\t\t\t\t\t<h2 class=\"elementor-heading-title elementor-size-default\">Documentaci\u00f3n necesaria<\/h2>\t\t\t\t<\/div>\n\t\t\t\t<\/div>\n\t\t\t\t<div class=\"elementor-element elementor-element-85fc0d4 elementor-widget elementor-widget-text-editor\" data-id=\"85fc0d4\" data-element_type=\"widget\" data-e-type=\"widget\" data-widget_type=\"text-editor.default\">\n\t\t\t\t<div class=\"elementor-widget-container\">\n\t\t\t\t\t\t\t\t\t<ul><li>Copia del t\u00edtulo de odont\u00f3logo.<\/li><li>Expedientes acad\u00e9micos.<\/li><li>Curriculum vitae.<\/li><li>Motivaci\u00f3n.<\/li><li>Dos cartas de recomendaci\u00f3n.<\/li><li>Grados universitarios.<\/li><\/ul><p>\u00a0<\/p><p><em><strong>Nota: <\/strong>Si el estudiante es aceptado, deber\u00e1 aportar <strong>seguro de responsabilidad civil en vigor<\/strong>. Este seguro debe presentarse junto con la documentaci\u00f3n del estudiante al inicio y debe permanecer activo durante todo el periodo de formaci\u00f3n.<\/em><\/p>\t\t\t\t\t\t\t\t<\/div>\n\t\t\t\t<\/div>\n\t\t\t\t<\/div>\n\t\t\t\t\t<\/div>\n\t\t\t\t<\/div>\n\t\t\t\t<\/div>","protected":false},"excerpt":{"rendered":"<p>Admission Eligibility Criteria A D.M.D.\/D.D.S. degree or its recognized equivalent. Proficiency in English. How to Apply Applications must be submitted through our online portal: Apply Now Contact: info@im-ortho.com Tuition and Financial Information Tuition Fees: 1st Year: \u20ac15,000 2nd Year: \u20ac15,000 3rd Year: \u20ac19,000 \u00a0 Payment Schedule: Two equal installments due at the beginning of each semester. \u00a0 Notes: The tuition fees do not include accommodation or trip expenses. Failure to meet payment deadlines will result in the loss of enrollment rights. Key Deadlines Applications Open: October 2025 Applications Close: March 2026 Program Start: April 2026 Required Documentation Copy of dental degree. Academic transcripts. Curriculum vitae. Statement of motivation. Two letters of recommendation. University grades. \u00a0 Note: If the student is accepted, they must provide valid civil liability insurance. This insurance should be submitted along with the student\u2019s documentation at the start and must remain active throughout the entire training period.<\/p>","protected":false},"author":1,"featured_media":0,"parent":0,"menu_order":0,"comment_status":"closed","ping_status":"closed","template":"elementor_canvas","meta":{"footnotes":""},"class_list":["post-1539","page","type-page","status-publish","hentry"],"_links":{"self":[{"href":"https:\/\/im-ortho.com\/es\/wp-json\/wp\/v2\/pages\/1539","targetHints":{"allow":["GET"]}}],"collection":[{"href":"https:\/\/im-ortho.com\/es\/wp-json\/wp\/v2\/pages"}],"about":[{"href":"https:\/\/im-ortho.com\/es\/wp-json\/wp\/v2\/types\/page"}],"author":[{"embeddable":true,"href":"https:\/\/im-ortho.com\/es\/wp-json\/wp\/v2\/users\/1"}],"replies":[{"embeddable":true,"href":"https:\/\/im-ortho.com\/es\/wp-json\/wp\/v2\/comments?post=1539"}],"version-history":[{"count":58,"href":"https:\/\/im-ortho.com\/es\/wp-json\/wp\/v2\/pages\/1539\/revisions"}],"predecessor-version":[{"id":2392,"href":"https:\/\/im-ortho.com\/es\/wp-json\/wp\/v2\/pages\/1539\/revisions\/2392"}],"wp:attachment":[{"href":"https:\/\/im-ortho.com\/es\/wp-json\/wp\/v2\/media?parent=1539"}],"curies":[{"name":"wp","href":"https:\/\/api.w.org\/{rel}","templated":true}]}}